{"id":95,"date":"2017-01-19T16:35:34","date_gmt":"2017-01-19T16:35:34","guid":{"rendered":"http:\/\/localhost\/standard\/?page_id=95"},"modified":"2017-01-19T16:35:44","modified_gmt":"2017-01-19T16:35:44","slug":"energia","status":"publish","type":"page","link":"https:\/\/standardcableteam.com\/en\/energia\/","title":{"rendered":"Energy"},"content":{"rendered":"<div id=\"pl-95\"  class=\"panel-layout\" ><div id=\"pg-95-0\"  class=\"panel-grid panel-no-style\" ><div id=\"pgc-95-0-0\"  class=\"panel-grid-cell\" ><div id=\"panel-95-0-0-0\" class=\"so-panel widget widget_sow-image panel-first-child\" data-index=\"0\" ><div class=\"panel-widget-style panel-widget-style-for-95-0-0-0\" ><div\n\t\t\t\n\t\t\tclass=\"so-widget-sow-image so-widget-sow-image-default-8b5b6f678277-95\"\n\t\t\t\n\t\t>\n<div class=\"sow-image-container\">\n\t\t<img \n\tsrc=\"https:\/\/standardcableteam.com\/wp-content\/uploads\/2017\/01\/cabecera_energia.jpg\" width=\"1129\" height=\"271\" srcset=\"https:\/\/standardcableteam.com\/wp-content\/uploads\/2017\/01\/cabecera_energia.jpg 1129w, https:\/\/standardcableteam.com\/wp-content\/uploads\/2017\/01\/cabecera_energia-300x72.jpg 300w, https:\/\/standardcableteam.com\/wp-content\/uploads\/2017\/01\/cabecera_energia-768x184.jpg 768w, https:\/\/standardcableteam.com\/wp-content\/uploads\/2017\/01\/cabecera_energia-1024x246.jpg 1024w\" sizes=\"(max-width: 1129px) 100vw, 1129px\" alt=\"\" \t\tclass=\"so-widget-image\"\/>\n\t<\/div>\n\n<\/div><\/div><\/div><div id=\"panel-95-0-0-1\" class=\"so-panel widget widget_sow-editor panel-last-child\" data-index=\"1\" ><div\n\t\t\t\n\t\t\tclass=\"so-widget-sow-editor so-widget-sow-editor-base\"\n\t\t\t\n\t\t>\n<div class=\"siteorigin-widget-tinymce textwidget\">\n\t<p>In our different factories, with a space dedicated to the production of transmission and power distribution cables exceeding 300,000 m2, we design and manufacture ultra high voltage UHV, high voltage HV, medium voltage MV and low voltage cables as well as a wide range of accessories that ensure perfect connectivity and termination.<\/p>\n<p>Using the most modern technology, with specific machinery designed and produced by the Wilms Group, we are able to offer sectorial cables of up to 2,500 mm2 and coils that reach a weight of 50 Tm, maximizing the delivery lengths, and that move along the factories in the different stages of production up to the phases of test and shipment. The robotic systems used in the production of accessories are a faithful reflection of the technologies used and guarantee the highest quality standards.<\/p>\n<p>Our strength lies in our ability to meet demands based on the world's most widespread standards and the ability to offer a product tailored to your specific needs. Send us your particular need and associated requirements to info@standardcableteam.com and Standard Cableteam Spain S.L. will provide you with the most suitable and competitive solution.<\/p>\n<\/div>\n<\/div><\/div><\/div><\/div><\/div>","protected":false},"excerpt":{"rendered":"<p>En nuestras distintas factor\u00edas, con un espacio dedicado a la producci\u00f3nde cables de transmisi\u00f3n y distribuci\u00f3n de energ\u00eda superior a 300.000 m2, dise\u00f1amos y fabricamos cables de ultra alta tensi\u00f3n UHV, alta tensi\u00f3n HV, media tensi\u00f3n MV y baja tensi\u00f3n &hellip; <a class=\"kt-excerpt-readmore\" href=\"https:\/\/standardcableteam.com\/en\/energia\/\" aria-label=\"Energy\">Read More<\/a><\/p>","protected":false},"author":1,"featured_media":0,"parent":0,"menu_order":0,"comment_status":"closed","ping_status":"closed","template":"page-sidebar.php","meta":{"footnotes":""},"class_list":["post-95","page","type-page","status-publish","hentry"],"_links":{"self":[{"href":"https:\/\/standardcableteam.com\/en\/wp-json\/wp\/v2\/pages\/95","targetHints":{"allow":["GET"]}}],"collection":[{"href":"https:\/\/standardcableteam.com\/en\/wp-json\/wp\/v2\/pages"}],"about":[{"href":"https:\/\/standardcableteam.com\/en\/wp-json\/wp\/v2\/types\/page"}],"author":[{"embeddable":true,"href":"https:\/\/standardcableteam.com\/en\/wp-json\/wp\/v2\/users\/1"}],"replies":[{"embeddable":true,"href":"https:\/\/standardcableteam.com\/en\/wp-json\/wp\/v2\/comments?post=95"}],"version-history":[{"count":2,"href":"https:\/\/standardcableteam.com\/en\/wp-json\/wp\/v2\/pages\/95\/revisions"}],"predecessor-version":[{"id":413,"href":"https:\/\/standardcableteam.com\/en\/wp-json\/wp\/v2\/pages\/95\/revisions\/413"}],"wp:attachment":[{"href":"https:\/\/standardcableteam.com\/en\/wp-json\/wp\/v2\/media?parent=95"}],"curies":[{"name":"wp","href":"https:\/\/api.w.org\/{rel}","templated":true}]}}