{"id":86,"date":"2017-01-19T16:11:04","date_gmt":"2017-01-19T16:11:04","guid":{"rendered":"http:\/\/localhost\/standard\/?page_id=86"},"modified":"2017-01-19T16:59:00","modified_gmt":"2017-01-19T16:59:00","slug":"infraestructuras","status":"publish","type":"page","link":"https:\/\/standardcableteam.com\/en\/infraestructuras\/","title":{"rendered":"Infraestructures"},"content":{"rendered":"<div id=\"pl-86\"  class=\"panel-layout\" ><div id=\"pg-86-0\"  class=\"panel-grid panel-no-style\" ><div id=\"pgc-86-0-0\"  class=\"panel-grid-cell\" ><div id=\"panel-86-0-0-0\" class=\"so-panel widget widget_sow-image panel-first-child\" data-index=\"0\" ><div class=\"panel-widget-style panel-widget-style-for-86-0-0-0\" ><div\n\t\t\t\n\t\t\tclass=\"so-widget-sow-image so-widget-sow-image-default-c67d20f9f743-86\"\n\t\t\t\n\t\t>\n<div class=\"sow-image-container\">\n\t\t<img \n\tsrc=\"https:\/\/standardcableteam.com\/wp-content\/uploads\/2017\/01\/cabecera_infrastructura.jpg\" width=\"1129\" height=\"271\" srcset=\"https:\/\/standardcableteam.com\/wp-content\/uploads\/2017\/01\/cabecera_infrastructura.jpg 1129w, https:\/\/standardcableteam.com\/wp-content\/uploads\/2017\/01\/cabecera_infrastructura-300x72.jpg 300w, https:\/\/standardcableteam.com\/wp-content\/uploads\/2017\/01\/cabecera_infrastructura-768x184.jpg 768w, https:\/\/standardcableteam.com\/wp-content\/uploads\/2017\/01\/cabecera_infrastructura-1024x246.jpg 1024w\" sizes=\"(max-width: 1129px) 100vw, 1129px\" alt=\"\" \t\tclass=\"so-widget-image\"\/>\n\t<\/div>\n\n<\/div><\/div><\/div><div id=\"panel-86-0-0-1\" class=\"so-panel widget widget_sow-editor panel-last-child\" data-index=\"1\" ><div\n\t\t\t\n\t\t\tclass=\"so-widget-sow-editor so-widget-sow-editor-base\"\n\t\t\t\n\t\t>\n<div class=\"siteorigin-widget-tinymce textwidget\">\n\t<p>\u00a0<\/p>\n<p>Wiring systems are an invisible and fundamental part of any of the great infrastructures that surround us. An example of magnitude is the more than 10,000 km of cable that, in its different variants, underlie the Adolfo Su\u00e1rez International Airport in Madrid - Barajas, or the more than 30,000 km that provide energy, communication and remote traffic management in the Spanish high-speed train network.<\/p>\n<p>Standard Cableteam Spain S.L. considers the infrastructure sector as a key part of its business structure and incorporates in its catalogue solutions adapted to this segment in its different variants among which stand out:<\/p>\n<ul>\n<li>\n<p>Railway sector: Cables for transport and distribution of energy, signalling, control and communications.<\/p>\n<\/li>\n<li>\n<p>Motorways: Power cables for lighting and data and video communication and signalling cables.<\/p>\n<\/li>\n<li>\n<p>Building: Low-voltage cables, copper and optical fiber data and communications including FTTH.<\/p>\n<\/li>\n<li>\n<p>Airports: Full range of power, communications and control cables including beacons.<\/p>\n<\/li>\n<\/ul>\n<p>The specific requirements of each of the sectors mentioned above make it necessary to adapt the cables to the different installation and service conditions. Our strength is based on our ability to meet demands based on the most widespread standards worldwide and on the possibility of offering a product adapted to your specific needs. Send us your particular need and associated requirements to\u00a0 <a href=\"mailto:info@standardcableteam.com\">info@standardcableteam.com<\/a> y Standard Cableteam Spain S.L. le proporcionar\u00e1 la soluci\u00f3n m\u00e1s adecuada y competitiva a la misma<\/p>\n<\/div>\n<\/div><\/div><\/div><\/div><\/div>","protected":false},"excerpt":{"rendered":"<p>\u00a0Los sistemas de cableado forman parte invisible y fundamental de cualquiera de las grandes infrastructuras que nos rodean. Sirva como ejemplo de magnitud los m\u00e1s de 10.000 km de cable que, en sus distintas variantes, subyacen en el Aeropuerto internacional &hellip; <a class=\"kt-excerpt-readmore\" href=\"https:\/\/standardcableteam.com\/en\/infraestructuras\/\" aria-label=\"Infraestructures\">Read More<\/a><\/p>","protected":false},"author":1,"featured_media":0,"parent":0,"menu_order":0,"comment_status":"closed","ping_status":"closed","template":"page-sidebar.php","meta":{"footnotes":""},"class_list":["post-86","page","type-page","status-publish","hentry"],"_links":{"self":[{"href":"https:\/\/standardcableteam.com\/en\/wp-json\/wp\/v2\/pages\/86","targetHints":{"allow":["GET"]}}],"collection":[{"href":"https:\/\/standardcableteam.com\/en\/wp-json\/wp\/v2\/pages"}],"about":[{"href":"https:\/\/standardcableteam.com\/en\/wp-json\/wp\/v2\/types\/page"}],"author":[{"embeddable":true,"href":"https:\/\/standardcableteam.com\/en\/wp-json\/wp\/v2\/users\/1"}],"replies":[{"embeddable":true,"href":"https:\/\/standardcableteam.com\/en\/wp-json\/wp\/v2\/comments?post=86"}],"version-history":[{"count":3,"href":"https:\/\/standardcableteam.com\/en\/wp-json\/wp\/v2\/pages\/86\/revisions"}],"predecessor-version":[{"id":411,"href":"https:\/\/standardcableteam.com\/en\/wp-json\/wp\/v2\/pages\/86\/revisions\/411"}],"wp:attachment":[{"href":"https:\/\/standardcableteam.com\/en\/wp-json\/wp\/v2\/media?parent=86"}],"curies":[{"name":"wp","href":"https:\/\/api.w.org\/{rel}","templated":true}]}}