{"id":83,"date":"2017-01-18T17:12:40","date_gmt":"2017-01-18T17:12:40","guid":{"rendered":"http:\/\/localhost\/standard\/?page_id=83"},"modified":"2017-01-19T16:43:43","modified_gmt":"2017-01-19T16:43:43","slug":"telecomunicaciones","status":"publish","type":"page","link":"https:\/\/standardcableteam.com\/en\/telecomunicaciones\/","title":{"rendered":"Telecommunications"},"content":{"rendered":"<p><img loading=\"lazy\" decoding=\"async\" class=\"aligncenter wp-image-12 size-large\" src=\"http:\/\/localhost\/standard\/wp-content\/uploads\/2016\/12\/banner1-1024x167.jpg\" width=\"1024\" height=\"167\" srcset=\"https:\/\/standardcableteam.com\/wp-content\/uploads\/2016\/12\/banner1-1024x167.jpg 1024w, https:\/\/standardcableteam.com\/wp-content\/uploads\/2016\/12\/banner1-300x49.jpg 300w, https:\/\/standardcableteam.com\/wp-content\/uploads\/2016\/12\/banner1-768x125.jpg 768w, https:\/\/standardcableteam.com\/wp-content\/uploads\/2016\/12\/banner1-1226x200.jpg 1226w, https:\/\/standardcableteam.com\/wp-content\/uploads\/2016\/12\/banner1.jpg 1999w\" sizes=\"auto, (max-width: 1024px) 100vw, 1024px\" \/><\/p>\n<p>&nbsp;<\/p>\n<p>Standard\nCableteam is a very well known a reputed telecommunication\nmanufacturer providing a complete range of products to cover all the\ntelecom networks installations components.<\/p>\n<p>Our range of products cover all type of cable types :<\/p>\n<ul>\n<li>Copper cables (pairs, quads, triads, conductors, \u2026)<\/li>\n<li>Copper cables for high frequency services xDSL<\/li>\n<li>Multi-tube cables up to 512 optical fibers<\/li>\n<li>Optical microcables for blowing installation<\/li>\n<li>Connecting cables in both fiber and copper<\/li>\n<\/ul>\n<p>Also our offer includes multiple configurations:<\/p>\n<ul>\n<li>Outdoor plant cables for ducted or underground installation<\/li>\n<li>Filled core cables to ensure watertightness<\/li>\n<li>Indoor cables with improved fire protection properties<\/li>\n<li>Cables for aerial installations<\/li>\n<li>Different degrees of reaction to fire depending on installation conditions<\/li>\n<li>Mechanical resistance and  adaptable to the environment EMC<\/li>\n<li>Protection against rodents, termites, hydrocarbons, ....<\/li>\n<\/ul>\n<p>Our strength lies in our ability to meet demands based on the world's most widespread standards and the ability to offer a product tailored to your specific needs. Send us your particular need and associated requirements to\u00a0 <a href=\"mailto:info@standardcableteam.com\">info@standardcableteam.com<\/a> and Standard Cableteam Spain S.L. will provide you with the most suitable and competitive solution.<\/p>","protected":false},"excerpt":{"rendered":"<p>&nbsp; Standard Cableteam es un fabricante con alta reputaci\u00f3n a nivel nacional e internacional de cables de telecomunicaci\u00f3n y capaz de ofrecer el m\u00e1s amplio rango de productos en el sector. Nuestro portfolio de productos incluye todo tipo de cables: &hellip; <a class=\"kt-excerpt-readmore\" href=\"https:\/\/standardcableteam.com\/en\/telecomunicaciones\/\" aria-label=\"Telecommunications\">Read More<\/a><\/p>","protected":false},"author":1,"featured_media":0,"parent":0,"menu_order":0,"comment_status":"closed","ping_status":"closed","template":"page-sidebar.php","meta":{"footnotes":""},"class_list":["post-83","page","type-page","status-publish","hentry"],"_links":{"self":[{"href":"https:\/\/standardcableteam.com\/en\/wp-json\/wp\/v2\/pages\/83","targetHints":{"allow":["GET"]}}],"collection":[{"href":"https:\/\/standardcableteam.com\/en\/wp-json\/wp\/v2\/pages"}],"about":[{"href":"https:\/\/standardcableteam.com\/en\/wp-json\/wp\/v2\/types\/page"}],"author":[{"embeddable":true,"href":"https:\/\/standardcableteam.com\/en\/wp-json\/wp\/v2\/users\/1"}],"replies":[{"embeddable":true,"href":"https:\/\/standardcableteam.com\/en\/wp-json\/wp\/v2\/comments?post=83"}],"version-history":[{"count":1,"href":"https:\/\/standardcableteam.com\/en\/wp-json\/wp\/v2\/pages\/83\/revisions"}],"predecessor-version":[{"id":84,"href":"https:\/\/standardcableteam.com\/en\/wp-json\/wp\/v2\/pages\/83\/revisions\/84"}],"wp:attachment":[{"href":"https:\/\/standardcableteam.com\/en\/wp-json\/wp\/v2\/media?parent=83"}],"curies":[{"name":"wp","href":"https:\/\/api.w.org\/{rel}","templated":true}]}}