{"id":821,"date":"2023-11-22T15:54:14","date_gmt":"2023-11-22T15:54:14","guid":{"rendered":"https:\/\/standardcableteam.com\/?page_id=821"},"modified":"2023-11-28T17:22:19","modified_gmt":"2023-11-28T17:22:19","slug":"canal-de-etica","status":"publish","type":"page","link":"https:\/\/standardcableteam.com\/en\/canal-de-etica\/","title":{"rendered":"Canal de \u00e9tica"},"content":{"rendered":"<h2 class=\"wp-block-heading\">CANAL DE ETICA<\/h2>\n\n\n<div id=\"pl-185\" class=\"panel-layout\">\n<div id=\"pg-185-0\" class=\"panel-grid panel-no-style\">\n<div id=\"pgc-185-0-0\" class=\"panel-grid-cell\" data-weight=\"1\">\n<div id=\"panel-185-0-0-0\" class=\"so-panel widget widget_sow-image panel-first-child\" data-index=\"0\" data-style=\"{&quot;background_display&quot;:&quot;tile&quot;}\">\u00a0<\/div>\n<div id=\"panel-185-0-0-1\" class=\"so-panel widget widget_sow-editor panel-last-child\" data-index=\"1\" data-style=\"{&quot;background_image_attachment&quot;:false,&quot;background_display&quot;:&quot;tile&quot;,&quot;kt_animation_duration&quot;:&quot;default&quot;,&quot;kt_animation_delay&quot;:&quot;default&quot;}\">\n<div class=\"so-widget-sow-editor so-widget-sow-editor-base\">\n<div class=\"siteorigin-widget-tinymce textwidget\">\n<p>Standard se encuentra firmemente comprometida con la cultura del cumplimiento e integridad \u00e9tica y entiende que, en este contexto, las personas que informan sobre posibles comportamientos irregulares o il\u00edcitos desempe\u00f1an un papel clave a la hora de descubrir y prevenir tales infracciones, protegiendo el adecuado funcionamiento de la Compa\u00f1\u00eda y contribuyendo al bienestar de la sociedad en su conjunto. Es fundamental, por tanto, prestar a los Informantes una protecci\u00f3n equilibrada y efectiva, sin descuidar los derechos de las personas afectadas por las Comunicaciones que se formulen, as\u00ed como por las Investigaciones que, en su caso, se tramiten a ra\u00edz de ellas.<\/p>\n<p>Con este fin, Standard cuenta con un Canal de \u00c9tica y Cumplimiento, as\u00ed como con un Sistema interno de informaci\u00f3n que, conforme a la normativa aplicable, se basa en los siguientes principios generales:<\/p>\n<ul>\n<li>Derecho al anonimato<\/li>\n<li>Garant\u00eda de confidencialidad<\/li>\n<li>Prohibici\u00f3n de represalias<\/li>\n<li>Protecci\u00f3n de datos personales<\/li>\n<li>Derechos de la persona investigada<\/li>\n<\/ul>\n<p>El Canal de \u00c9tica y Cumplimiento de Standard es un canal confidencial para plantear preguntas o comunicar posibles incumplimientos del C\u00f3digo de \u00c9tica y Conducta de Standard, irregularidades o il\u00edcitos, con total confianza y sin temor a posibles represalias. Este canal permite formular las comunicaciones tanto por escrito como verbalmente a trav\u00e9s de los siguientes canales:<\/p>\n<ul>\n<li>Por correo electr\u00f3nico: buzonetico@standardcableteam.com<\/li>\n<li>Por correo postal a la siguiente direcci\u00f3n:<\/li>\n<\/ul>\n<p style=\"padding-left: 80px;\">A la atenci\u00f3n de:<br \/>Canal \u00c9tico Standard<br \/>Att Responsable de Informaci\u00f3n<br \/>C\/ Concha Espina, s\/n<br \/>39600 Malia\u00f1o (Cantabria)<\/p>\n<ul>\n<li>Comunicaci\u00f3n verbal al tel\u00e9fono 942395257 en horario de lunes a viernes y de 9 a 13 horas<\/li>\n<\/ul>\n<h3 style=\"text-align: center;\"><a href=\"https:\/\/standardcableteam.com\/wp-content\/uploads\/2023\/11\/POL\u00cdTICA-CANAL-DE-\u00c9TICA-STANDARD.pdf\">Lea el C\u00f3digo de \u00c9tica y Conducta de STANDARD<\/a><\/h3>\n<p>\u00a0<\/p>\n<\/div>\n<\/div>\n<\/div>\n<\/div>\n<\/div>\n<\/div>","protected":false},"excerpt":{"rendered":"<p>CANAL DE ETICA \u00a0 Standard se encuentra firmemente comprometida con la cultura del cumplimiento e integridad \u00e9tica y entiende que, en este contexto, las personas que informan sobre posibles comportamientos irregulares o il\u00edcitos desempe\u00f1an un papel clave a la hora &hellip; <a class=\"kt-excerpt-readmore\" href=\"https:\/\/standardcableteam.com\/en\/canal-de-etica\/\" aria-label=\"Canal de \u00e9tica\">Read More<\/a><\/p>","protected":false},"author":1,"featured_media":244,"parent":0,"menu_order":0,"comment_status":"closed","ping_status":"closed","template":"page-sidebar.php","meta":{"footnotes":""},"class_list":["post-821","page","type-page","status-publish","has-post-thumbnail","hentry"],"_links":{"self":[{"href":"https:\/\/standardcableteam.com\/en\/wp-json\/wp\/v2\/pages\/821","targetHints":{"allow":["GET"]}}],"collection":[{"href":"https:\/\/standardcableteam.com\/en\/wp-json\/wp\/v2\/pages"}],"about":[{"href":"https:\/\/standardcableteam.com\/en\/wp-json\/wp\/v2\/types\/page"}],"author":[{"embeddable":true,"href":"https:\/\/standardcableteam.com\/en\/wp-json\/wp\/v2\/users\/1"}],"replies":[{"embeddable":true,"href":"https:\/\/standardcableteam.com\/en\/wp-json\/wp\/v2\/comments?post=821"}],"version-history":[{"count":7,"href":"https:\/\/standardcableteam.com\/en\/wp-json\/wp\/v2\/pages\/821\/revisions"}],"predecessor-version":[{"id":845,"href":"https:\/\/standardcableteam.com\/en\/wp-json\/wp\/v2\/pages\/821\/revisions\/845"}],"wp:featuredmedia":[{"embeddable":true,"href":"https:\/\/standardcableteam.com\/en\/wp-json\/wp\/v2\/media\/244"}],"wp:attachment":[{"href":"https:\/\/standardcableteam.com\/en\/wp-json\/wp\/v2\/media?parent=821"}],"curies":[{"name":"wp","href":"https:\/\/api.w.org\/{rel}","templated":true}]}}