{"id":593,"date":"2019-07-11T14:47:09","date_gmt":"2019-07-11T14:47:09","guid":{"rendered":"\/index.php\/?page_id=593"},"modified":"2019-08-01T14:29:14","modified_gmt":"2019-08-01T14:29:14","slug":"main","status":"publish","type":"page","link":"https:\/\/standardcableteam.com\/en\/main\/","title":{"rendered":"Main"},"content":{"rendered":"<div id=\"pl-593\"  class=\"panel-layout\" ><div id=\"pg-593-0\"  class=\"panel-grid panel-has-style\" ><div class=\"panel-row-style panel-row-style-for-593-0\" ><div id=\"pgc-593-0-0\"  class=\"panel-grid-cell\" ><div id=\"panel-593-0-0-0\" class=\"so-panel widget widget_text panel-first-child panel-last-child\" data-index=\"0\" ><div class=\"panel-widget-style panel-widget-style-for-593-0-0-0\" >\t\t\t<div class=\"textwidget\"><h2>Industries<\/h2><\/div>\n\t\t<\/div><\/div><\/div><\/div><\/div><div id=\"pg-593-1\"  class=\"panel-grid panel-has-style\" ><div class=\"panel-widget-style panel-row-style panel-row-style-for-593-1\" ><div id=\"pgc-593-1-0\"  class=\"panel-grid-cell\" ><div id=\"panel-593-1-0-0\" class=\"so-panel widget widget_virtue_about_with_image virtue_about_with_image panel-first-child\" data-index=\"1\" ><div class=\"panel-widget-style panel-widget-style-for-593-1-0-0\" ><div class=\"kad_img_upload_widget kt-shape-type- kt-image-align-center kt-image-widget-widget-1-0-0\"><div class=\"kt-image-contain\"><div class=\"kt-image-inner-contain\"><img loading=\"lazy\" decoding=\"async\" width=\"400\" height=\"300\" src=\"https:\/\/standardcableteam.com\/wp-content\/uploads\/2017\/01\/Fibra_inicio.jpg\" class=\"attachment-full size-full\" alt=\"\" srcset=\"https:\/\/standardcableteam.com\/wp-content\/uploads\/2017\/01\/Fibra_inicio.jpg 400w, https:\/\/standardcableteam.com\/wp-content\/uploads\/2017\/01\/Fibra_inicio-300x225.jpg 300w, https:\/\/standardcableteam.com\/wp-content\/uploads\/2017\/01\/Fibra_inicio-150x113.jpg 150w\" sizes=\"auto, (max-width: 400px) 100vw, 400px\" \/><\/div><\/div><\/div><\/div><\/div><div id=\"panel-593-1-0-1\" class=\"so-panel widget widget_text panel-last-child\" data-index=\"2\" ><div class=\"industries_desc panel-widget-style panel-widget-style-for-593-1-0-1\" >\t\t\t<div class=\"textwidget\"><a href=\".\/telecomunicaciones\/\"><h5>Telecomunications\u200b\u200b<\/h5><\/a><p> Copper and optical fiber cables for troncal networks, distribution and connection.<\/p><\/div>\n\t\t<\/div><\/div><\/div><div id=\"pgc-593-1-1\"  class=\"panel-grid-cell\" ><div id=\"panel-593-1-1-0\" class=\"so-panel widget widget_virtue_about_with_image virtue_about_with_image panel-first-child\" data-index=\"3\" ><div class=\"panel-widget-style panel-widget-style-for-593-1-1-0\" ><div class=\"kad_img_upload_widget kt-shape-type- kt-image-align-center kt-image-widget-widget-1-1-0\"><div class=\"kt-image-contain\"><div class=\"kt-image-inner-contain\"><img loading=\"lazy\" decoding=\"async\" width=\"1244\" height=\"472\" src=\"https:\/\/standardcableteam.com\/wp-content\/uploads\/2017\/01\/infrastructura_inicio.jpg\" class=\"attachment-full size-full\" alt=\"\" srcset=\"https:\/\/standardcableteam.com\/wp-content\/uploads\/2017\/01\/infrastructura_inicio.jpg 1244w, https:\/\/standardcableteam.com\/wp-content\/uploads\/2017\/01\/infrastructura_inicio-300x114.jpg 300w, https:\/\/standardcableteam.com\/wp-content\/uploads\/2017\/01\/infrastructura_inicio-768x291.jpg 768w, https:\/\/standardcableteam.com\/wp-content\/uploads\/2017\/01\/infrastructura_inicio-1024x389.jpg 1024w\" sizes=\"auto, (max-width: 1244px) 100vw, 1244px\" \/><\/div><\/div><\/div><\/div><\/div><div id=\"panel-593-1-1-1\" class=\"so-panel widget widget_text panel-last-child\" data-index=\"4\" ><div class=\"industries_desc panel-widget-style panel-widget-style-for-593-1-1-1\" >\t\t\t<div class=\"textwidget\"><a href=\".\/infraestructuras\"><h5>Infraestructures<\/h5><\/a><p>Technical solutions adapted to the railway, motorway and construction sectors<\/p><\/div>\n\t\t<\/div><\/div><\/div><div id=\"pgc-593-1-2\"  class=\"panel-grid-cell\" ><div id=\"panel-593-1-2-0\" class=\"so-panel widget widget_virtue_about_with_image virtue_about_with_image panel-first-child\" data-index=\"5\" ><div class=\"panel-widget-style panel-widget-style-for-593-1-2-0\" ><div class=\"kad_img_upload_widget kt-shape-type- kt-image-align-center kt-image-widget-widget-1-2-0\"><div class=\"kt-image-contain\"><div class=\"kt-image-inner-contain\"><img loading=\"lazy\" decoding=\"async\" width=\"756\" height=\"504\" src=\"https:\/\/standardcableteam.com\/wp-content\/uploads\/2017\/01\/industria_inicio.jpg\" class=\"attachment-full size-full\" alt=\"\" srcset=\"https:\/\/standardcableteam.com\/wp-content\/uploads\/2017\/01\/industria_inicio.jpg 756w, https:\/\/standardcableteam.com\/wp-content\/uploads\/2017\/01\/industria_inicio-300x200.jpg 300w\" sizes=\"auto, (max-width: 756px) 100vw, 756px\" \/><\/div><\/div><\/div><\/div><\/div><div id=\"panel-593-1-2-1\" class=\"so-panel widget widget_text panel-last-child\" data-index=\"6\" ><div class=\"industries_desc panel-widget-style panel-widget-style-for-593-1-2-1\" >\t\t\t<div class=\"textwidget\"><a href=\".\/industria\/\"><h5>Industry<\/h5><\/a><p> Custom developments to meet specific requirements.<\/p><\/div>\n\t\t<\/div><\/div><\/div><div id=\"pgc-593-1-3\"  class=\"panel-grid-cell\" ><div id=\"panel-593-1-3-0\" class=\"so-panel widget widget_virtue_about_with_image virtue_about_with_image panel-first-child\" data-index=\"7\" ><div class=\"panel-widget-style panel-widget-style-for-593-1-3-0\" ><div class=\"kad_img_upload_widget kt-shape-type- kt-image-align-center kt-image-widget-widget-1-3-0\"><div class=\"kt-image-contain\"><div class=\"kt-image-inner-contain\"><img loading=\"lazy\" decoding=\"async\" width=\"365\" height=\"274\" src=\"https:\/\/standardcableteam.com\/wp-content\/uploads\/2017\/01\/energia_inicio.jpg\" class=\"attachment-full size-full\" alt=\"\" srcset=\"https:\/\/standardcableteam.com\/wp-content\/uploads\/2017\/01\/energia_inicio.jpg 365w, https:\/\/standardcableteam.com\/wp-content\/uploads\/2017\/01\/energia_inicio-300x225.jpg 300w\" sizes=\"auto, (max-width: 365px) 100vw, 365px\" \/><\/div><\/div><\/div><\/div><\/div><div id=\"panel-593-1-3-1\" class=\"so-panel widget widget_text panel-last-child\" data-index=\"8\" ><div class=\"industries_desc panel-widget-style panel-widget-style-for-593-1-3-1\" >\t\t\t<div class=\"textwidget\"><a href=\".\/energia\/\"><h5>Energy<\/h5><\/a><p>Complete range of HV, MV and LV energy transport solutions <\/p><\/div>\n\t\t<\/div><\/div><\/div><div id=\"pgc-593-1-4\"  class=\"panel-grid-cell\" ><div id=\"panel-593-1-4-0\" class=\"so-panel widget widget_virtue_about_with_image virtue_about_with_image panel-first-child\" data-index=\"9\" ><div class=\"panel-widget-style panel-widget-style-for-593-1-4-0\" ><div class=\"kad_img_upload_widget kt-shape-type- kt-image-align-center kt-image-widget-widget-1-4-0\"><div class=\"kt-image-contain\"><div class=\"kt-image-inner-contain\"><img loading=\"lazy\" decoding=\"async\" width=\"331\" height=\"421\" src=\"https:\/\/standardcableteam.com\/wp-content\/uploads\/2017\/01\/especial_inicio.jpg\" class=\"attachment-full size-full\" alt=\"\" srcset=\"https:\/\/standardcableteam.com\/wp-content\/uploads\/2017\/01\/especial_inicio.jpg 331w, https:\/\/standardcableteam.com\/wp-content\/uploads\/2017\/01\/especial_inicio-236x300.jpg 236w\" sizes=\"auto, (max-width: 331px) 100vw, 331px\" \/><\/div><\/div><\/div><\/div><\/div><div id=\"panel-593-1-4-1\" class=\"so-panel widget widget_text panel-last-child\" data-index=\"10\" ><div class=\"industries_desc panel-widget-style panel-widget-style-for-593-1-4-1\" >\t\t\t<div class=\"textwidget\"><a href=\".\/aplicaciones_especiales\"><h5>Special Applications<\/h5><\/a><p>Cabling projects for control and high-security applications<\/p><\/div>\n\t\t<\/div><\/div><\/div><\/div><\/div><\/div>","protected":false},"excerpt":{"rendered":"<p>\u200b\u200b\u200b\u200b\u200b\u200b\u200b\u200b\u200b\u200b\u200b\u200b\u200b\u200b\u200b\u200b\u200b\u200bIndustries Telecomunications\u200b\u200b Copper and optical fiber cables for troncal networks, distribution and connection. InfraestructurasSoluciones t\u00e9cnicas adaptadas a los sectores ferroviario, autopistas y construcci\u00f3n\u200b Industria Desarrollos personalizados para satisfacci\u00f3n de requsitos espec\u00edficos. Energ\u00edaRango completo de soluciones para transporte de energ\u00eda HV, &hellip; <a class=\"kt-excerpt-readmore\" href=\"https:\/\/standardcableteam.com\/en\/main\/\" aria-label=\"Main\">Read More<\/a><\/p>","protected":false},"author":1,"featured_media":0,"parent":0,"menu_order":0,"comment_status":"closed","ping_status":"closed","template":"page-fullwidth.php","meta":{"footnotes":""},"class_list":["post-593","page","type-page","status-publish","hentry"],"_links":{"self":[{"href":"https:\/\/standardcableteam.com\/en\/wp-json\/wp\/v2\/pages\/593","targetHints":{"allow":["GET"]}}],"collection":[{"href":"https:\/\/standardcableteam.com\/en\/wp-json\/wp\/v2\/pages"}],"about":[{"href":"https:\/\/standardcableteam.com\/en\/wp-json\/wp\/v2\/types\/page"}],"author":[{"embeddable":true,"href":"https:\/\/standardcableteam.com\/en\/wp-json\/wp\/v2\/users\/1"}],"replies":[{"embeddable":true,"href":"https:\/\/standardcableteam.com\/en\/wp-json\/wp\/v2\/comments?post=593"}],"version-history":[{"count":4,"href":"https:\/\/standardcableteam.com\/en\/wp-json\/wp\/v2\/pages\/593\/revisions"}],"predecessor-version":[{"id":682,"href":"https:\/\/standardcableteam.com\/en\/wp-json\/wp\/v2\/pages\/593\/revisions\/682"}],"wp:attachment":[{"href":"https:\/\/standardcableteam.com\/en\/wp-json\/wp\/v2\/media?parent=593"}],"curies":[{"name":"wp","href":"https:\/\/api.w.org\/{rel}","templated":true}]}}