{"id":26,"date":"2016-12-12T16:31:58","date_gmt":"2016-12-12T16:31:58","guid":{"rendered":"http:\/\/localhost\/standard\/?page_id=26"},"modified":"2017-01-26T17:49:50","modified_gmt":"2017-01-26T17:49:50","slug":"prensa","status":"publish","type":"page","link":"https:\/\/standardcableteam.com\/en\/prensa\/","title":{"rendered":"Press"},"content":{"rendered":"<div id=\"pl-26\"  class=\"panel-layout\" ><div id=\"pg-26-0\"  class=\"panel-grid panel-has-style\" ><div class=\"panel-row-style panel-row-style-for-26-0\" ><div id=\"pgc-26-0-0\"  class=\"panel-grid-cell panel-grid-cell-empty\" ><\/div><\/div><\/div><div id=\"pg-26-1\"  class=\"panel-grid panel-no-style\" ><div id=\"pgc-26-1-0\"  class=\"panel-grid-cell\" >\n                <div id=\"panel-26-1-0-0\" class=\"so-panel widget widget_virtue_icon_flip_box_widget virtue_icon_flip_box_widget panel-first-child panel-last-child\" data-index=\"0\" >                <div class=\"kt-flip-box-contain kt-mhover-inactive kt-m-hover kt-flip-box-64\" ><div class=\"kt-flip-box-flipper\"><div class=\"kt-flip-box-front\" style=\"color:#ffffff; background:#738f9a;\"><div class=\"kt-flip-box-front-inner\"><i class=\"icon-newspaper kad-flip-box-icon kt-flip-icon\" style=\"font-size:48px; color:#ffffff;\"><\/i><h4 style=\"color:#ffffff; font-size:24px\">Revilla highlights promising prospects<\/h4><p style=\"color:#ffffff;; margin:0;\">18\/04\/2016<br\/>\nThe president has analyzed with the director of the plant of Malia\u00f1o the evolution, the current situation and the plans of future<\/p><\/div><\/div><div class=\"kt-flip-box-back\" style=\"color:#ffffff; background:#738f9a;\"><div class=\"kt-flip-box-back-inner\"><div style=\"color:#ffffff;\">Revilla has assessed the evolution of the activity and employment of the Camargue factory since it started its activity as Standard Cableteam in October 2014.<\/div><a href=\"http:\/\/www.20minutos.es\/noticia\/2724533\/0\/revilla-destaca-perspectivas-prometedoras-standard-cableteam\/\" target=\"_blank\" style=\"background:transparent; color:#fff; border:2px solid #ffffff; border-radius:0;\" class=\"kt-flip-btn\">See the complete news<\/a><\/div><\/div><\/div><\/div>\n                <\/div>\n    <\/div><div id=\"pgc-26-1-1\"  class=\"panel-grid-cell\" >\n                <div id=\"panel-26-1-1-0\" class=\"so-panel widget widget_virtue_icon_flip_box_widget virtue_icon_flip_box_widget panel-first-child panel-last-child\" data-index=\"1\" >                <div class=\"kt-flip-box-contain kt-mhover-inactive kt-m-hover kt-flip-box-57\" ><div class=\"kt-flip-box-flipper\"><div class=\"kt-flip-box-front\" style=\"color:#444; background:#f1912b;\"><div class=\"kt-flip-box-front-inner\"><i class=\"icon-newspaper kad-flip-box-icon kt-flip-icon\" style=\"font-size:48px; color:#444;\"><\/i><h4 style=\"color:#444; font-size:24px\">New incorporations in Standard<\/h4><p style=\"color:#444;; margin:0;\">07\/03\/2014<br\/>\nStandard Cableteam increases its workforce to 45 people after 5 months from the beginning of its activity.<\/p><\/div><\/div><div class=\"kt-flip-box-back\" style=\"color:738f9a; background:#f1912b;\"><div class=\"kt-flip-box-back-inner\"><div style=\"color:738f9a;\">In the last four months, the Standard Cableteam factory has incorporated twenty new workers, so that the company's current workforce is made up of 45 people compared to the initial 25. <\/div><a href=\"http:\/\/www.eldiariomontanes.es\/20140307\/economia\/standard-antigua-cable-incorpora-201403071236.html\" target=\"_blank\" style=\"background:transparent; color:#fff; border:2px solid #ffffff; border-radius:0;\" class=\"kt-flip-btn\">See the complete news<\/a><\/div><\/div><\/div><\/div>\n                <\/div>\n    <\/div><div id=\"pgc-26-1-2\"  class=\"panel-grid-cell\" >\n                <div id=\"panel-26-1-2-0\" class=\"so-panel widget widget_virtue_icon_flip_box_widget virtue_icon_flip_box_widget panel-first-child panel-last-child\" data-index=\"2\" >                <div class=\"kt-flip-box-contain kt-mhover-inactive kt-m-hover kt-flip-box-80\" ><div class=\"kt-flip-box-flipper\"><div class=\"kt-flip-box-front\" style=\"color:#ffffff; background:#99301a;\"><div class=\"kt-flip-box-front-inner\"><i class=\"icon-newspaper kad-flip-box-icon kt-flip-icon\" style=\"font-size:48px; color:#ffffff;\"><\/i><h4 style=\"color:#ffffff; font-size:24px\">Standar Cableteam starts its activity<\/h4><p style=\"color:#ffffff;; margin:0;\">16\/10\/2013<br\/>\nAfter the long and painful process that led to the shutdown and almost disappearance of the historic Malia\u00f1o plant, Standard Cableteam Spain begins its activity.<\/p><\/div><\/div><div class=\"kt-flip-box-back\" style=\"color:#ffffff; background:#99301a;\"><div class=\"kt-flip-box-back-inner\"><div style=\"color:#ffffff;\">Standard Cableteam resumes its activity in an interesting and complicated way. The former B3 Cable has a total of 25 employees, including technical office staff and machine operators, and one order from Telef\u00f3nica.\n<\/div><a href=\"http:\/\/www.eldiariomontanes.es\/20131016\/economia\/standard-cable-cantabria-maliano-201310161837.html\" target=\"_blank\" style=\"background:transparent; color:#fff; border:2px solid #ffffff; border-radius:0;\" class=\"kt-flip-btn\">See the complete news<\/a><\/div><\/div><\/div><\/div>\n                <\/div>\n    <\/div><\/div><div id=\"pg-26-2\"  class=\"panel-grid panel-has-style\" ><div class=\"panel-row-style panel-row-style-for-26-2\" ><div id=\"pgc-26-2-0\"  class=\"panel-grid-cell panel-grid-cell-empty\" ><\/div><\/div><\/div><\/div>","protected":false},"excerpt":{"rendered":"<p>Revilla destaca las perspectivas prometedoras18\/04\/2016 El presidente ha analizado con el director de la planta de Malia\u00f1o la evoluci\u00f3n, la situaci\u00f3n actual y los planes de futuroRevilla ha valorado la evoluci\u00f3n de la actividad y del empleo de la f\u00e1brica &hellip; <a class=\"kt-excerpt-readmore\" href=\"https:\/\/standardcableteam.com\/en\/prensa\/\" aria-label=\"Press\">Read More<\/a><\/p>","protected":false},"author":1,"featured_media":0,"parent":0,"menu_order":0,"comment_status":"closed","ping_status":"closed","template":"page-fullwidth.php","meta":{"footnotes":""},"class_list":["post-26","page","type-page","status-publish","hentry"],"_links":{"self":[{"href":"https:\/\/standardcableteam.com\/en\/wp-json\/wp\/v2\/pages\/26","targetHints":{"allow":["GET"]}}],"collection":[{"href":"https:\/\/standardcableteam.com\/en\/wp-json\/wp\/v2\/pages"}],"about":[{"href":"https:\/\/standardcableteam.com\/en\/wp-json\/wp\/v2\/types\/page"}],"author":[{"embeddable":true,"href":"https:\/\/standardcableteam.com\/en\/wp-json\/wp\/v2\/users\/1"}],"replies":[{"embeddable":true,"href":"https:\/\/standardcableteam.com\/en\/wp-json\/wp\/v2\/comments?post=26"}],"version-history":[{"count":13,"href":"https:\/\/standardcableteam.com\/en\/wp-json\/wp\/v2\/pages\/26\/revisions"}],"predecessor-version":[{"id":318,"href":"https:\/\/standardcableteam.com\/en\/wp-json\/wp\/v2\/pages\/26\/revisions\/318"}],"wp:attachment":[{"href":"https:\/\/standardcableteam.com\/en\/wp-json\/wp\/v2\/media?parent=26"}],"curies":[{"name":"wp","href":"https:\/\/api.w.org\/{rel}","templated":true}]}}