{"id":197,"date":"2017-01-20T15:58:58","date_gmt":"2017-01-20T15:58:58","guid":{"rendered":"http:\/\/localhost\/standard\/?page_id=197"},"modified":"2019-08-01T14:53:22","modified_gmt":"2019-08-01T14:53:22","slug":"historia","status":"publish","type":"page","link":"https:\/\/standardcableteam.com\/en\/historia\/","title":{"rendered":"History"},"content":{"rendered":"<div id=\"pl-197\"  class=\"panel-layout\" ><div id=\"pg-197-0\"  class=\"panel-grid panel-no-style\" ><div id=\"pgc-197-0-0\"  class=\"panel-grid-cell\" ><div id=\"panel-197-0-0-0\" class=\"so-panel widget widget_sow-image panel-first-child\" data-index=\"0\" ><div\n\t\t\t\n\t\t\tclass=\"so-widget-sow-image so-widget-sow-image-default-8b5b6f678277-197\"\n\t\t\t\n\t\t>\n<div class=\"sow-image-container\">\n\t\t<img \n\tsrc=\"https:\/\/standardcableteam.com\/wp-content\/uploads\/2016\/12\/banner2.jpg\" width=\"2000\" height=\"326\" srcset=\"https:\/\/standardcableteam.com\/wp-content\/uploads\/2016\/12\/banner2.jpg 2000w, https:\/\/standardcableteam.com\/wp-content\/uploads\/2016\/12\/banner2-300x49.jpg 300w, https:\/\/standardcableteam.com\/wp-content\/uploads\/2016\/12\/banner2-768x125.jpg 768w, https:\/\/standardcableteam.com\/wp-content\/uploads\/2016\/12\/banner2-1024x167.jpg 1024w, https:\/\/standardcableteam.com\/wp-content\/uploads\/2016\/12\/banner2-1227x200.jpg 1227w\" sizes=\"(max-width: 2000px) 100vw, 2000px\" alt=\"\" \t\tclass=\"so-widget-image\"\/>\n\t<\/div>\n\n<\/div><\/div><div id=\"panel-197-0-0-1\" class=\"so-panel widget widget_sow-editor panel-last-child\" data-index=\"1\" ><div\n\t\t\t\n\t\t\tclass=\"so-widget-sow-editor so-widget-sow-editor-base\"\n\t\t\t\n\t\t>\n<div class=\"siteorigin-widget-tinymce textwidget\">\n\t<p>Malia\u00f1o\u2019s cable plant was started on May 25th 1927 by His Majesty Alfonso XIII with the name of Standard Electrica having that time the CTNE and ITT as main shareholders. During these almost 90 years, this historical Cantabria\u2019s plant has been part of several multinational firms:<\/p>\n<ul class=\"flik-timeline flik-timeline-1\" data-scroll-effect=\"bounce-effect\"><li class=\"event\"><h3>2013<\/h3><p class=\"event-content\" >The B3 Group went into administration in the UK in May 2012. The plant is stopped until November 2013 once the adquisition within the Wilms Group is completed. Standard Cableteam Spain S.L., recovering the original name of the company back in 1927, starts the activity having the clear target of becoming a technical, quality and service reference in the cable industry, both in Spain and worldwide.<\/p><\/li><li class=\"event\"><h3>2008<\/h3><p class=\"event-content\" >The british group B3 Cables takes over Malia\u00f1o\u2019s plant that is renamed as B3 Cable Solutions Spain S.L..<\/p><\/li><li class=\"event\"><h3>2000<\/h3><p class=\"event-content\" >Nexans, a new company created from the Alcatel cable and component division, became the the new owner of the plant. Malia\u00f1o\u2019s Factory, with the name of Nexans Iberia, starts the process to become a worldwide reference in the production of telecom and railways signalling cables.<\/p><\/li><li class=\"event\"><h3>1986<\/h3><p class=\"event-content\" >The multinational French Company Alcatel takes over the telecom activities of ITT worlwide, including the Spanish Company Standard Electrica.<\/p><\/li><li class=\"event\"><h3>1981<\/h3><p class=\"event-content\" >Production of the first optical cable in Spain that was installed connecting Atocha and Chamartin railway stations in Madrid.<\/p><\/li><li class=\"event\"><h3>1968<\/h3><p class=\"event-content\" >Technological change and evolution from the paper \/ lead cables to the plastic insulated and jacketed cables.<\/p><\/li><li class=\"event\"><h3>1955<\/h3><p class=\"event-content\" >Frame agreement with Wester Electric to supply paper and pulp insulated cables with lead jacket.<\/p><\/li><li class=\"event\"><h3>1953<\/h3><p class=\"event-content\" >It is started the production of coax cables with lead jacket for long distance links.<\/p><\/li><li class=\"event\"><h3>1946<\/h3><p class=\"event-content\" >After a continuous capacity increase project, the total grounds moved from 3.795 sqm to 51.000 sqm.<\/p><\/li><li class=\"event\"><h3>1927<\/h3><p class=\"event-content\" >Standard Electrica was born in the aim of supplying the cables needed by the CTNE to develop and deploy the telephonic network service in Spain. <\/p><\/li><\/ul>\n<\/div>\n<\/div><\/div><\/div><\/div><\/div>","protected":false},"excerpt":{"rendered":"<p>\u200b\u200b\u200bLa factor\u00eda de cables de Malia\u00f1o fue inagurada el 25 de Mayo del a\u00f1o 1927 por Su Majestad Alfonso XIII con el nombre de Standard Electrica y participada por la CTNE e ITT como principales accionistas. En sus casi 90 &hellip; <a class=\"kt-excerpt-readmore\" href=\"https:\/\/standardcableteam.com\/en\/historia\/\" aria-label=\"History\">Read More<\/a><\/p>","protected":false},"author":1,"featured_media":0,"parent":0,"menu_order":0,"comment_status":"closed","ping_status":"closed","template":"page-sidebar.php","meta":{"footnotes":""},"class_list":["post-197","page","type-page","status-publish","hentry"],"_links":{"self":[{"href":"https:\/\/standardcableteam.com\/en\/wp-json\/wp\/v2\/pages\/197","targetHints":{"allow":["GET"]}}],"collection":[{"href":"https:\/\/standardcableteam.com\/en\/wp-json\/wp\/v2\/pages"}],"about":[{"href":"https:\/\/standardcableteam.com\/en\/wp-json\/wp\/v2\/types\/page"}],"author":[{"embeddable":true,"href":"https:\/\/standardcableteam.com\/en\/wp-json\/wp\/v2\/users\/1"}],"replies":[{"embeddable":true,"href":"https:\/\/standardcableteam.com\/en\/wp-json\/wp\/v2\/comments?post=197"}],"version-history":[{"count":18,"href":"https:\/\/standardcableteam.com\/en\/wp-json\/wp\/v2\/pages\/197\/revisions"}],"predecessor-version":[{"id":633,"href":"https:\/\/standardcableteam.com\/en\/wp-json\/wp\/v2\/pages\/197\/revisions\/633"}],"wp:attachment":[{"href":"https:\/\/standardcableteam.com\/en\/wp-json\/wp\/v2\/media?parent=197"}],"curies":[{"name":"wp","href":"https:\/\/api.w.org\/{rel}","templated":true}]}}