{"id":185,"date":"2017-01-20T15:55:47","date_gmt":"2017-01-20T15:55:47","guid":{"rendered":"http:\/\/localhost\/standard\/?page_id=185"},"modified":"2025-07-23T06:46:22","modified_gmt":"2025-07-23T06:46:22","slug":"responsabilidad-social","status":"publish","type":"page","link":"https:\/\/standardcableteam.com\/en\/responsabilidad-social\/","title":{"rendered":"Social Responsibility"},"content":{"rendered":"<div id=\"pl-185\" class=\"panel-layout\">\n<div id=\"pg-185-0\" class=\"panel-grid panel-no-style\">\n<div id=\"pgc-185-0-0\" class=\"panel-grid-cell\" data-weight=\"1\">\n<div id=\"panel-185-0-0-0\" class=\"so-panel widget widget_sow-image panel-first-child\" data-index=\"0\" data-style=\"{&quot;background_display&quot;:&quot;tile&quot;}\"><div\n\t\t\t\n\t\t\tclass=\"so-widget-sow-image so-widget-sow-image-default-8b5b6f678277\"\n\t\t\t\n\t\t>\n<div class=\"sow-image-container\">\n\t\t<img \n\tsrc=\"https:\/\/standardcableteam.com\/wp-content\/uploads\/2017\/01\/responsabilidad.jpg\" width=\"1125\" height=\"271\" srcset=\"https:\/\/standardcableteam.com\/wp-content\/uploads\/2017\/01\/responsabilidad.jpg 1125w, https:\/\/standardcableteam.com\/wp-content\/uploads\/2017\/01\/responsabilidad-300x72.jpg 300w, https:\/\/standardcableteam.com\/wp-content\/uploads\/2017\/01\/responsabilidad-768x185.jpg 768w, https:\/\/standardcableteam.com\/wp-content\/uploads\/2017\/01\/responsabilidad-1024x247.jpg 1024w, https:\/\/standardcableteam.com\/wp-content\/uploads\/2017\/01\/responsabilidad-520x126.jpg 520w, https:\/\/standardcableteam.com\/wp-content\/uploads\/2017\/01\/responsabilidad-260x63.jpg 260w\" sizes=\"(max-width: 1125px) 100vw, 1125px\" alt=\"\" \t\tclass=\"so-widget-image\"\/>\n\t<\/div>\n\n<\/div><\/div>\n<div id=\"panel-185-0-0-1\" class=\"so-panel widget widget_sow-editor panel-last-child\" data-index=\"1\" data-style=\"{&quot;background_image_attachment&quot;:false,&quot;background_display&quot;:&quot;tile&quot;,&quot;kt_animation_duration&quot;:&quot;default&quot;,&quot;kt_animation_delay&quot;:&quot;default&quot;}\">\n<div class=\"so-widget-sow-editor so-widget-sow-editor-base\">\n<div class=\"siteorigin-widget-tinymce textwidget\">\n<p>Standard Cableteam Spain S.L., como experto fabricante de cables de cobre y fibra \u00f3ptica, ha definido su misi\u00f3n como la de ser l\u00edderes en el sector y referente t\u00e9cnico tanto de manera interna en el Grupo como, y sobre todo, de cara a nuestros clientes. Compa\u00f1\u00eda din\u00e1mica y competitiva a nivel nacional e internacional, comprometida con su entorno social y ambiental y sin\u00f3nimo de fabricante de productos de alta calidad\u00bb. Dicha misi\u00f3n se articula a trav\u00e9s de:<\/p>\n<ul>\n<li><a href=\"https:\/\/standardcableteam.com\/wp-content\/uploads\/2018\/07\/politica_calidad.pdf\" target=\"_blank\" rel=\"noopener noreferrer\">Quality Management Policy<\/a><\/li>\n<li><a href=\"https:\/\/standardcableteam.com\/wp-content\/uploads\/2021\/08\/SGA-PG-001-3.pdf\" target=\"_blank\" rel=\"noopener noreferrer\">Environmental Management Policy<\/a><\/li>\n<li><a href=\"https:\/\/standardcableteam.com\/wp-content\/uploads\/2025\/07\/Comunicaci\u00f3n-ambiental-2025.pdf\">Environmental communication<\/a><\/li>\n<li><a href=\"https:\/\/standardcableteam.com\/wp-content\/uploads\/2020\/08\/Pol\u00edtica-de-Seguridad.pdf\">Occupational Safety and Health Policy<\/a><\/li>\n<li><a href=\"https:\/\/standardcableteam.com\/wp-content\/uploads\/2023\/11\/POLITICA-DE-PROTECCI\u00d3N-DE-DATOS.pdf\">Pol\u00edtica de protecci\u00f3n de datos<\/a><\/li>\n<li><a href=\"https:\/\/standardcableteam.com\/canal-de-etica\/\">Canal de \u00e9tica<\/a><\/li>\n<\/ul>\n<p>The objective of the Corporate Social Responsibility Policy is oriented\nImprovement of:<\/p>\n<ul>\n<li>Customer Satisfaction<\/li>\n<li>Employees Satisfaction<\/li>\n<li>Shareholders Satisfaction<\/li>\n<li>Social environment Satisfaction<\/li>\n<\/ul>\n<p>As\u00ed mismo, Standard Cableteam Spain S.L. traslada a sus suministradores de materias primas y servicios dicha filosof\u00eda a trav\u00e9s de la definici\u00f3n de los requisitos generales a\u00a0proveedores que pueden ser consultados en el enlace siguiente:<\/p>\n<ul>\n<li><a href=\"https:\/\/standardcableteam.com\/wp-content\/uploads\/2020\/12\/REQUISITOS_PROVEEDORES-2020.pdf\" target=\"_blank\" rel=\"noopener noreferrer\">Requisitos generales a proveedores<br \/>\n<\/a><\/li>\n<\/ul>\n<\/div>\n<\/div>\n<\/div>\n<\/div>\n<\/div>\n<\/div>","protected":false},"excerpt":{"rendered":"<p>Standard Cableteam Spain S.L., como experto fabricante de cables de cobre y fibra \u00f3ptica, ha definido su misi\u00f3n como la de ser l\u00edderes en el sector y referente t\u00e9cnico tanto de manera interna en el Grupo como, y sobre todo, &hellip; <a class=\"kt-excerpt-readmore\" href=\"https:\/\/standardcableteam.com\/en\/responsabilidad-social\/\" aria-label=\"Social Responsibility\">Read More<\/a><\/p>","protected":false},"author":1,"featured_media":0,"parent":0,"menu_order":0,"comment_status":"closed","ping_status":"closed","template":"page-sidebar.php","meta":{"footnotes":""},"class_list":["post-185","page","type-page","status-publish","hentry"],"_links":{"self":[{"href":"https:\/\/standardcableteam.com\/en\/wp-json\/wp\/v2\/pages\/185","targetHints":{"allow":["GET"]}}],"collection":[{"href":"https:\/\/standardcableteam.com\/en\/wp-json\/wp\/v2\/pages"}],"about":[{"href":"https:\/\/standardcableteam.com\/en\/wp-json\/wp\/v2\/types\/page"}],"author":[{"embeddable":true,"href":"https:\/\/standardcableteam.com\/en\/wp-json\/wp\/v2\/users\/1"}],"replies":[{"embeddable":true,"href":"https:\/\/standardcableteam.com\/en\/wp-json\/wp\/v2\/comments?post=185"}],"version-history":[{"count":49,"href":"https:\/\/standardcableteam.com\/en\/wp-json\/wp\/v2\/pages\/185\/revisions"}],"predecessor-version":[{"id":948,"href":"https:\/\/standardcableteam.com\/en\/wp-json\/wp\/v2\/pages\/185\/revisions\/948"}],"wp:attachment":[{"href":"https:\/\/standardcableteam.com\/en\/wp-json\/wp\/v2\/media?parent=185"}],"curies":[{"name":"wp","href":"https:\/\/api.w.org\/{rel}","templated":true}]}}