{"id":183,"date":"2017-01-20T15:53:10","date_gmt":"2017-01-20T15:53:10","guid":{"rendered":"http:\/\/localhost\/standard\/?page_id=183"},"modified":"2019-08-01T14:55:30","modified_gmt":"2019-08-01T14:55:30","slug":"standard-en-el-mundo","status":"publish","type":"page","link":"https:\/\/standardcableteam.com\/en\/standard-en-el-mundo\/","title":{"rendered":"Standard Worldwide"},"content":{"rendered":"<div id=\"pl-183\"  class=\"panel-layout\" ><div id=\"pg-183-0\"  class=\"panel-grid panel-no-style\" ><div id=\"pgc-183-0-0\"  class=\"panel-grid-cell\" ><div id=\"panel-183-0-0-0\" class=\"so-panel widget widget_sow-image panel-first-child\" data-index=\"0\" ><div\n\t\t\t\n\t\t\tclass=\"so-widget-sow-image so-widget-sow-image-default-8b5b6f678277-183\"\n\t\t\t\n\t\t>\n<div class=\"sow-image-container\">\n\t\t<img \n\tsrc=\"https:\/\/standardcableteam.com\/wp-content\/uploads\/2017\/01\/mundo.jpg\" width=\"986\" height=\"367\" srcset=\"https:\/\/standardcableteam.com\/wp-content\/uploads\/2017\/01\/mundo.jpg 986w, https:\/\/standardcableteam.com\/wp-content\/uploads\/2017\/01\/mundo-300x112.jpg 300w, https:\/\/standardcableteam.com\/wp-content\/uploads\/2017\/01\/mundo-768x286.jpg 768w\" sizes=\"(max-width: 986px) 100vw, 986px\" alt=\"\" \t\tclass=\"so-widget-image\"\/>\n\t<\/div>\n\n<\/div><\/div><div id=\"panel-183-0-0-1\" class=\"so-panel widget widget_sow-editor\" data-index=\"1\" ><div\n\t\t\t\n\t\t\tclass=\"so-widget-sow-editor so-widget-sow-editor-base\"\n\t\t\t\n\t\t>\n<div class=\"siteorigin-widget-tinymce textwidget\">\n\t<p>The ability to produce cables according to most national and international specifications, plus the possibility of custom designs for specific applications is one of our hallmarks. Some of the most relevant projects carried out, as well as the presence of factories and delegations of the Group are shown in the following map.<\/p>\n<\/div>\n<\/div><\/div><div id=\"panel-183-0-0-2\" class=\"so-panel widget widget_sow-image panel-last-child\" data-index=\"2\" ><div\n\t\t\t\n\t\t\tclass=\"so-widget-sow-image so-widget-sow-image-default-8b5b6f678277-183\"\n\t\t\t\n\t\t>\n<div class=\"sow-image-container\">\n\t\t<img \n\tsrc=\"https:\/\/standardcableteam.com\/wp-content\/uploads\/2017\/01\/MapaWorldWide_s1.gif\" width=\"906\" height=\"501\" sizes=\"(max-width: 906px) 100vw, 906px\" alt=\"\" \t\tclass=\"so-widget-image\"\/>\n\t<\/div>\n\n<\/div><\/div><\/div><\/div><\/div>","protected":false},"excerpt":{"rendered":"<p>La capacidad para producir cables de acuerdo con la mayor\u00eda de especificaciones nacionales e internacionales, adem\u00e1s de la posibilidad de dise\u00f1os personalizados para aplicaciones espec\u00edficas es una de nuestras se\u00f1as de identidad. Algunos de los proyectos m\u00e1s relevantes llevados a &hellip; <a class=\"kt-excerpt-readmore\" href=\"https:\/\/standardcableteam.com\/en\/standard-en-el-mundo\/\" aria-label=\"Standard Worldwide\">Read More<\/a><\/p>","protected":false},"author":1,"featured_media":0,"parent":0,"menu_order":0,"comment_status":"closed","ping_status":"closed","template":"page-sidebar.php","meta":{"footnotes":""},"class_list":["post-183","page","type-page","status-publish","hentry"],"_links":{"self":[{"href":"https:\/\/standardcableteam.com\/en\/wp-json\/wp\/v2\/pages\/183","targetHints":{"allow":["GET"]}}],"collection":[{"href":"https:\/\/standardcableteam.com\/en\/wp-json\/wp\/v2\/pages"}],"about":[{"href":"https:\/\/standardcableteam.com\/en\/wp-json\/wp\/v2\/types\/page"}],"author":[{"embeddable":true,"href":"https:\/\/standardcableteam.com\/en\/wp-json\/wp\/v2\/users\/1"}],"replies":[{"embeddable":true,"href":"https:\/\/standardcableteam.com\/en\/wp-json\/wp\/v2\/comments?post=183"}],"version-history":[{"count":3,"href":"https:\/\/standardcableteam.com\/en\/wp-json\/wp\/v2\/pages\/183\/revisions"}],"predecessor-version":[{"id":638,"href":"https:\/\/standardcableteam.com\/en\/wp-json\/wp\/v2\/pages\/183\/revisions\/638"}],"wp:attachment":[{"href":"https:\/\/standardcableteam.com\/en\/wp-json\/wp\/v2\/media?parent=183"}],"curies":[{"name":"wp","href":"https:\/\/api.w.org\/{rel}","templated":true}]}}