{"id":175,"date":"2017-01-20T15:44:40","date_gmt":"2017-01-20T15:44:40","guid":{"rendered":"http:\/\/localhost\/standard\/?page_id=175"},"modified":"2019-08-01T14:54:48","modified_gmt":"2019-08-01T14:54:48","slug":"certificaciones","status":"publish","type":"page","link":"https:\/\/standardcableteam.com\/en\/certificaciones\/","title":{"rendered":"Certificates"},"content":{"rendered":"<div id=\"pl-175\"  class=\"panel-layout\" ><div id=\"pg-175-0\"  class=\"panel-grid panel-no-style\" ><div id=\"pgc-175-0-0\"  class=\"panel-grid-cell\" ><div id=\"panel-175-0-0-0\" class=\"so-panel widget widget_sow-image panel-first-child\" data-index=\"0\" ><div\n\t\t\t\n\t\t\tclass=\"so-widget-sow-image so-widget-sow-image-default-c67d20f9f743-175\"\n\t\t\t\n\t\t>\n<div class=\"sow-image-container\">\n\t\t<img \n\tsrc=\"https:\/\/standardcableteam.com\/wp-content\/uploads\/2017\/01\/certificaciones.jpg\" width=\"1125\" height=\"271\" srcset=\"https:\/\/standardcableteam.com\/wp-content\/uploads\/2017\/01\/certificaciones.jpg 1125w, https:\/\/standardcableteam.com\/wp-content\/uploads\/2017\/01\/certificaciones-300x72.jpg 300w, https:\/\/standardcableteam.com\/wp-content\/uploads\/2017\/01\/certificaciones-768x185.jpg 768w, https:\/\/standardcableteam.com\/wp-content\/uploads\/2017\/01\/certificaciones-1024x247.jpg 1024w\" sizes=\"(max-width: 1125px) 100vw, 1125px\" alt=\"\" \t\tclass=\"so-widget-image\"\/>\n\t<\/div>\n\n<\/div><\/div><div id=\"panel-175-0-0-1\" class=\"so-panel widget widget_sow-editor panel-last-child\" data-index=\"1\" ><div\n\t\t\t\n\t\t\tclass=\"so-widget-sow-editor so-widget-sow-editor-base\"\n\t\t\t\n\t\t>\n<div class=\"siteorigin-widget-tinymce textwidget\">\n\t<p>In addition to the specific qualifications issued by its main customers, Standard Cableteam Spain S.L. holds some of the most relevant certifications from third-party institutes and public administrations. These certificates reinforce the position of Standard Cableteam Spain S.L. as a reliable partner for its customers.<\/p>\n<\/div>\n<\/div><\/div><\/div><\/div><div id=\"pg-175-1\"  class=\"panel-grid panel-no-style\" ><div id=\"pgc-175-1-0\"  class=\"panel-grid-cell\" ><div id=\"panel-175-1-0-0\" class=\"so-panel widget widget_sow-image panel-first-child panel-last-child\" data-index=\"2\" ><div\n\t\t\t\n\t\t\tclass=\"so-widget-sow-image so-widget-sow-image-default-8b5b6f678277-175\"\n\t\t\t\n\t\t>\n<div class=\"sow-image-container\">\n\t\t<img \n\tsrc=\"https:\/\/standardcableteam.com\/wp-content\/uploads\/2017\/01\/MAV.gif\" width=\"80\" height=\"80\" sizes=\"(max-width: 80px) 100vw, 80px\" alt=\"\" \t\tclass=\"so-widget-image\"\/>\n\t<\/div>\n\n<\/div><\/div><\/div><div id=\"pgc-175-1-1\"  class=\"panel-grid-cell\" ><div id=\"panel-175-1-1-0\" class=\"so-panel widget widget_sow-image panel-first-child panel-last-child\" data-index=\"3\" ><div\n\t\t\t\n\t\t\tclass=\"so-widget-sow-image so-widget-sow-image-default-8b5b6f678277-175\"\n\t\t\t\n\t\t>\n<div class=\"sow-image-container\">\n\t\t<img \n\tsrc=\"https:\/\/standardcableteam.com\/wp-content\/uploads\/2017\/01\/Aenor.gif\" width=\"126\" height=\"105\" sizes=\"(max-width: 126px) 100vw, 126px\" alt=\"\" \t\tclass=\"so-widget-image\"\/>\n\t<\/div>\n\n<\/div><\/div><\/div><div id=\"pgc-175-1-2\"  class=\"panel-grid-cell\" ><div id=\"panel-175-1-2-0\" class=\"so-panel widget widget_sow-image panel-first-child panel-last-child\" data-index=\"4\" ><div\n\t\t\t\n\t\t\tclass=\"so-widget-sow-image so-widget-sow-image-default-8b5b6f678277-175\"\n\t\t\t\n\t\t>\n<div class=\"sow-image-container\">\n\t\t<img \n\tsrc=\"https:\/\/standardcableteam.com\/wp-content\/uploads\/2017\/01\/Adif.gif\" width=\"108\" height=\"88\" sizes=\"(max-width: 108px) 100vw, 108px\" alt=\"\" \t\tclass=\"so-widget-image\"\/>\n\t<\/div>\n\n<\/div><\/div><\/div><div id=\"pgc-175-1-3\"  class=\"panel-grid-cell\" ><div id=\"panel-175-1-3-0\" class=\"so-panel widget widget_sow-image panel-first-child panel-last-child\" data-index=\"5\" ><div\n\t\t\t\n\t\t\tclass=\"so-widget-sow-image so-widget-sow-image-default-8b5b6f678277-175\"\n\t\t\t\n\t\t>\n<div class=\"sow-image-container\">\n\t\t<img \n\tsrc=\"https:\/\/standardcableteam.com\/wp-content\/uploads\/2017\/01\/RATP.gif\" width=\"80\" height=\"92\" sizes=\"(max-width: 80px) 100vw, 80px\" alt=\"\" \t\tclass=\"so-widget-image\"\/>\n\t<\/div>\n\n<\/div><\/div><\/div><div id=\"pgc-175-1-4\"  class=\"panel-grid-cell\" ><div id=\"panel-175-1-4-0\" class=\"so-panel widget widget_sow-image panel-first-child panel-last-child\" data-index=\"6\" ><div\n\t\t\t\n\t\t\tclass=\"so-widget-sow-image so-widget-sow-image-default-8b5b6f678277-175\"\n\t\t\t\n\t\t>\n<div class=\"sow-image-container\">\n\t\t<img \n\tsrc=\"https:\/\/standardcableteam.com\/wp-content\/uploads\/2017\/01\/Network.gif\" width=\"181\" height=\"92\" sizes=\"(max-width: 181px) 100vw, 181px\" alt=\"\" \t\tclass=\"so-widget-image\"\/>\n\t<\/div>\n\n<\/div><\/div><\/div><\/div><\/div>","protected":false},"excerpt":{"rendered":"<p>Standard Cableteam Spain S.L., adem\u00e1s de las certificaciones espec\u00edficas llevadas a cabo con sus principales clientes, est\u00e1 en posesi\u00f3n de algunas de las certificaciones m\u00e1s relevantes emitidas por administraciones y organismos independientes. Dichas certificaciones contribuyen al posicionamiento de Standard Cableteam &hellip; <a class=\"kt-excerpt-readmore\" href=\"https:\/\/standardcableteam.com\/en\/certificaciones\/\" aria-label=\"Certificates\">Read More<\/a><\/p>","protected":false},"author":1,"featured_media":0,"parent":0,"menu_order":0,"comment_status":"closed","ping_status":"closed","template":"page-sidebar.php","meta":{"footnotes":""},"class_list":["post-175","page","type-page","status-publish","hentry"],"_links":{"self":[{"href":"https:\/\/standardcableteam.com\/en\/wp-json\/wp\/v2\/pages\/175","targetHints":{"allow":["GET"]}}],"collection":[{"href":"https:\/\/standardcableteam.com\/en\/wp-json\/wp\/v2\/pages"}],"about":[{"href":"https:\/\/standardcableteam.com\/en\/wp-json\/wp\/v2\/types\/page"}],"author":[{"embeddable":true,"href":"https:\/\/standardcableteam.com\/en\/wp-json\/wp\/v2\/users\/1"}],"replies":[{"embeddable":true,"href":"https:\/\/standardcableteam.com\/en\/wp-json\/wp\/v2\/comments?post=175"}],"version-history":[{"count":4,"href":"https:\/\/standardcableteam.com\/en\/wp-json\/wp\/v2\/pages\/175\/revisions"}],"predecessor-version":[{"id":634,"href":"https:\/\/standardcableteam.com\/en\/wp-json\/wp\/v2\/pages\/175\/revisions\/634"}],"wp:attachment":[{"href":"https:\/\/standardcableteam.com\/en\/wp-json\/wp\/v2\/media?parent=175"}],"curies":[{"name":"wp","href":"https:\/\/api.w.org\/{rel}","templated":true}]}}