{"id":168,"date":"2017-01-19T17:43:40","date_gmt":"2017-01-19T17:43:40","guid":{"rendered":"http:\/\/localhost\/standard\/?page_id=168"},"modified":"2019-08-01T14:51:59","modified_gmt":"2019-08-01T14:51:59","slug":"industrias","status":"publish","type":"page","link":"https:\/\/standardcableteam.com\/en\/industrias\/","title":{"rendered":"Industries"},"content":{"rendered":"<div id=\"pl-168\"  class=\"panel-layout\" ><div id=\"pg-168-0\"  class=\"panel-grid panel-no-style\" ><div id=\"pgc-168-0-0\"  class=\"panel-grid-cell\" ><div id=\"panel-168-0-0-0\" class=\"so-panel widget widget_sow-image panel-first-child\" data-index=\"0\" ><div\n\t\t\t\n\t\t\tclass=\"so-widget-sow-image so-widget-sow-image-default-c67d20f9f743-168\"\n\t\t\t\n\t\t>\n<div class=\"sow-image-container\">\n\t\t<img \n\tsrc=\"https:\/\/standardcableteam.com\/wp-content\/uploads\/2017\/01\/industries.jpg\" width=\"730\" height=\"176\" srcset=\"https:\/\/standardcableteam.com\/wp-content\/uploads\/2017\/01\/industries.jpg 730w, https:\/\/standardcableteam.com\/wp-content\/uploads\/2017\/01\/industries-300x72.jpg 300w\" sizes=\"(max-width: 730px) 100vw, 730px\" alt=\"\" \t\tclass=\"so-widget-image\"\/>\n\t<\/div>\n\n<\/div><\/div><div id=\"panel-168-0-0-1\" class=\"so-panel widget widget_sow-editor panel-last-child\" data-index=\"1\" ><div\n\t\t\t\n\t\t\tclass=\"so-widget-sow-editor so-widget-sow-editor-base\"\n\t\t\t\n\t\t>\n<div class=\"siteorigin-widget-tinymce textwidget\">\n\t<p>Standard\nCableteam provides cables solutions for a wide range of\nindustries and sectors and for most of the cable standards worldwide.\nWith a current portfolio of more than 10.000 references, in our different\nmanufacturing plants facilities, we are able to provide cable supplies for\nmost of the industries with products from standarised solutions up to\nany Taylor made solution developed in our R&amp;D facilities to satisfy\nparticular and special demands from our customers.<\/p>\n<p>Our range of products cover all type of cable types and configurations:<\/p>\n<ul>\n<li>\n<p>Copper cables multipair<\/p>\n<\/li>\n<li>\n<p>Fiber optic cables<\/p>\n<\/li>\n<li>\n<p>Micro fiber optic cables ( microcables<\/p>\n<\/li>\n<li>\n<p>Copper and fiber optic connection cables<\/p>\n<\/li>\n<li>\n<p>Instrumentation and control cables<\/p>\n<\/li>\n<li>\n<p>LV, MV and HV power cables<\/p>\n<\/li>\n<li>\n<p>Special cables (resistant to hydrocarbons, fire, etc.)<\/p>\n<\/li>\n<\/ul>\n<p>Send us your particular demand and your requirement to\u00a0 <a href=\"mailto:info@standardcableteam.com\">info@standardcableteam.com<\/a> and Standard Cableteam Spain S.L. will provide you with the most suitable and competitive solution.<\/p>\n<\/div>\n<\/div><\/div><\/div><\/div><\/div>","protected":false},"excerpt":{"rendered":"<p>Standard Cableteam Spain S.L. suministra soluciones de cableado para un extenso abanico de sectores de acuerdo a la mayor\u00eda de standards internacionales m\u00e1s ampliamente aceptados. Con un portfolio que incluye m\u00e1s de 10.000 referencias en nuestras distintas plantas productivas, somos &hellip; <a class=\"kt-excerpt-readmore\" href=\"https:\/\/standardcableteam.com\/en\/industrias\/\" aria-label=\"Industries\">Read More<\/a><\/p>","protected":false},"author":1,"featured_media":0,"parent":0,"menu_order":0,"comment_status":"closed","ping_status":"closed","template":"page-sidebar.php","meta":{"footnotes":""},"class_list":["post-168","page","type-page","status-publish","hentry"],"_links":{"self":[{"href":"https:\/\/standardcableteam.com\/en\/wp-json\/wp\/v2\/pages\/168","targetHints":{"allow":["GET"]}}],"collection":[{"href":"https:\/\/standardcableteam.com\/en\/wp-json\/wp\/v2\/pages"}],"about":[{"href":"https:\/\/standardcableteam.com\/en\/wp-json\/wp\/v2\/types\/page"}],"author":[{"embeddable":true,"href":"https:\/\/standardcableteam.com\/en\/wp-json\/wp\/v2\/users\/1"}],"replies":[{"embeddable":true,"href":"https:\/\/standardcableteam.com\/en\/wp-json\/wp\/v2\/comments?post=168"}],"version-history":[{"count":11,"href":"https:\/\/standardcableteam.com\/en\/wp-json\/wp\/v2\/pages\/168\/revisions"}],"predecessor-version":[{"id":616,"href":"https:\/\/standardcableteam.com\/en\/wp-json\/wp\/v2\/pages\/168\/revisions\/616"}],"wp:attachment":[{"href":"https:\/\/standardcableteam.com\/en\/wp-json\/wp\/v2\/media?parent=168"}],"curies":[{"name":"wp","href":"https:\/\/api.w.org\/{rel}","templated":true}]}}