{"id":152,"date":"2017-01-19T17:31:42","date_gmt":"2017-01-19T17:31:42","guid":{"rendered":"http:\/\/localhost\/standard\/?page_id=152"},"modified":"2017-01-24T18:05:30","modified_gmt":"2017-01-24T18:05:30","slug":"cables-a-medida","status":"publish","type":"page","link":"https:\/\/standardcableteam.com\/en\/cables-a-medida\/","title":{"rendered":"Custom Cables"},"content":{"rendered":"<div id=\"pl-152\"  class=\"panel-layout\" ><div id=\"pg-152-0\"  class=\"panel-grid panel-no-style\" ><div id=\"pgc-152-0-0\"  class=\"panel-grid-cell\" ><div id=\"panel-152-0-0-0\" class=\"so-panel widget widget_sow-image panel-first-child\" data-index=\"0\" ><div\n\t\t\t\n\t\t\tclass=\"so-widget-sow-image so-widget-sow-image-default-8b5b6f678277-152\"\n\t\t\t\n\t\t>\n<div class=\"sow-image-container\">\n\t\t<img \n\tsrc=\"https:\/\/standardcableteam.com\/wp-content\/uploads\/2017\/01\/cabecera_especiales_medida.jpg\" width=\"1125\" height=\"271\" srcset=\"https:\/\/standardcableteam.com\/wp-content\/uploads\/2017\/01\/cabecera_especiales_medida.jpg 1125w, https:\/\/standardcableteam.com\/wp-content\/uploads\/2017\/01\/cabecera_especiales_medida-300x72.jpg 300w, https:\/\/standardcableteam.com\/wp-content\/uploads\/2017\/01\/cabecera_especiales_medida-768x185.jpg 768w, https:\/\/standardcableteam.com\/wp-content\/uploads\/2017\/01\/cabecera_especiales_medida-1024x247.jpg 1024w\" sizes=\"(max-width: 1125px) 100vw, 1125px\" alt=\"\" \t\tclass=\"so-widget-image\"\/>\n\t<\/div>\n\n<\/div><\/div><div id=\"panel-152-0-0-1\" class=\"so-panel widget widget_sow-editor panel-last-child\" data-index=\"1\" ><div\n\t\t\t\n\t\t\tclass=\"so-widget-sow-editor so-widget-sow-editor-base\"\n\t\t\t\n\t\t>\n<div class=\"siteorigin-widget-tinymce textwidget\">\n\t<p>The implication and knowledge acquired in the different sectors of activity where Standard Cableteam Spain S.L. is present, allows us to offer personalized solutions that combine different characteristics and properties in order to design a totally personalized product.<\/p>\n<p>Telecommunication cables capable of transmitting in a wider frequency range, that are also resistant to rodents, with low smoke emission values, suitable for indoor and outdoor applications...it is a clear example of how the know-how present in Standard Cableteam can help its customers to supply a cable that responds to specific needs.<\/p>\n<p>Our strength lies in our ability to meet demands based on the world's most widespread standards and the ability to offer a product tailored to your specific needs. Send us your particular need and associated requirements to\u00a0 <a href=\"mailto:info@standardcableteam.com\"><span style=\"color: #0066cc;\">info@standardcableteam.com<\/span><\/a> and Standard Cableteam Spain S.L. will provide you with the most suitable and competitive solution.<\/p>\n<\/div>\n<\/div><\/div><\/div><\/div><\/div>","protected":false},"excerpt":{"rendered":"<p>La implicaci\u00f3n y el conocimiento adquirido en los diferentes sectores de actividad donde Standard Cableteam Spain S.L. est\u00e1 presente, nos permite ofrecer soluciones personalizadas que combinan diferentes caracter\u00edsticas y propiedades de cara a dise\u00f1ar un producto totalmente personalizado.Cables de telecomunicaci\u00f3n &hellip; <a class=\"kt-excerpt-readmore\" href=\"https:\/\/standardcableteam.com\/en\/cables-a-medida\/\" aria-label=\"Custom Cables\">Read More<\/a><\/p>","protected":false},"author":1,"featured_media":0,"parent":0,"menu_order":0,"comment_status":"closed","ping_status":"closed","template":"page-sidebar.php","meta":{"footnotes":""},"class_list":["post-152","page","type-page","status-publish","hentry"],"_links":{"self":[{"href":"https:\/\/standardcableteam.com\/en\/wp-json\/wp\/v2\/pages\/152","targetHints":{"allow":["GET"]}}],"collection":[{"href":"https:\/\/standardcableteam.com\/en\/wp-json\/wp\/v2\/pages"}],"about":[{"href":"https:\/\/standardcableteam.com\/en\/wp-json\/wp\/v2\/types\/page"}],"author":[{"embeddable":true,"href":"https:\/\/standardcableteam.com\/en\/wp-json\/wp\/v2\/users\/1"}],"replies":[{"embeddable":true,"href":"https:\/\/standardcableteam.com\/en\/wp-json\/wp\/v2\/comments?post=152"}],"version-history":[{"count":2,"href":"https:\/\/standardcableteam.com\/en\/wp-json\/wp\/v2\/pages\/152\/revisions"}],"predecessor-version":[{"id":297,"href":"https:\/\/standardcableteam.com\/en\/wp-json\/wp\/v2\/pages\/152\/revisions\/297"}],"wp:attachment":[{"href":"https:\/\/standardcableteam.com\/en\/wp-json\/wp\/v2\/media?parent=152"}],"curies":[{"name":"wp","href":"https:\/\/api.w.org\/{rel}","templated":true}]}}