{"id":150,"date":"2017-01-19T17:30:38","date_gmt":"2017-01-19T17:30:38","guid":{"rendered":"http:\/\/localhost\/standard\/?page_id=150"},"modified":"2017-01-24T18:04:25","modified_gmt":"2017-01-24T18:04:25","slug":"cables-fire-resistant","status":"publish","type":"page","link":"https:\/\/standardcableteam.com\/en\/cables-fire-resistant\/","title":{"rendered":"Fire resistant cables"},"content":{"rendered":"<div id=\"pl-150\"  class=\"panel-layout\" ><div id=\"pg-150-0\"  class=\"panel-grid panel-no-style\" ><div id=\"pgc-150-0-0\"  class=\"panel-grid-cell\" ><div id=\"panel-150-0-0-0\" class=\"so-panel widget widget_sow-image panel-first-child\" data-index=\"0\" ><div\n\t\t\t\n\t\t\tclass=\"so-widget-sow-image so-widget-sow-image-default-8b5b6f678277-150\"\n\t\t\t\n\t\t>\n<div class=\"sow-image-container\">\n\t\t<img \n\tsrc=\"https:\/\/standardcableteam.com\/wp-content\/uploads\/2017\/01\/cabecera_especiales_fire.jpg\" width=\"1125\" height=\"272\" srcset=\"https:\/\/standardcableteam.com\/wp-content\/uploads\/2017\/01\/cabecera_especiales_fire.jpg 1125w, https:\/\/standardcableteam.com\/wp-content\/uploads\/2017\/01\/cabecera_especiales_fire-300x73.jpg 300w, https:\/\/standardcableteam.com\/wp-content\/uploads\/2017\/01\/cabecera_especiales_fire-768x186.jpg 768w, https:\/\/standardcableteam.com\/wp-content\/uploads\/2017\/01\/cabecera_especiales_fire-1024x248.jpg 1024w\" sizes=\"(max-width: 1125px) 100vw, 1125px\" alt=\"\" \t\tclass=\"so-widget-image\"\/>\n\t<\/div>\n\n<\/div><\/div><div id=\"panel-150-0-0-1\" class=\"so-panel widget widget_sow-editor panel-last-child\" data-index=\"1\" ><div\n\t\t\t\n\t\t\tclass=\"so-widget-sow-editor so-widget-sow-editor-base\"\n\t\t\t\n\t\t>\n<div class=\"siteorigin-widget-tinymce textwidget\">\n\t<p>In addition to fire-retardant cables that guarantee that the installed cable will not be the means by which the fire can spread to other premises or installations, Standard Cableteam Spain S.L. includes fire-resistant cables in its offer, understanding these as those capable of continuing to function during a fire situation.<\/p>\n<p>High security cables with mineral insulation capable of maintaining the integrity of ventilation circuits, elevators, alarms and emergency lighting in tunnels in a fire situation and ensuring the necessary time to carry out the evacuation of people.<\/p>\n<p>Our strength lies in our ability to meet demands based on the world's most widespread standards and the ability to offer a product tailored to your specific needs. Send us your particular need and associated requirements to\u00a0 <a href=\"mailto:info@standardcableteam.com\"><span style=\"color: #0066cc;\">info@standardcableteam.com<\/span><\/a> and Standard Cableteam Spain S.L. will provide you with the most suitable and competitive solution.<\/p>\n<\/div>\n<\/div><\/div><\/div><\/div><\/div>","protected":false},"excerpt":{"rendered":"<p>Adem\u00e1s de los cables retardantes del incendio que garantizan que no ser\u00e1 el cable instalado el medio a trav\u00e9s del cual el fuego pueda propagarse a otras dependencias o instalaciones, Standard Cableteam Spain S.L. incorpora en su oferta los cables &hellip; <a class=\"kt-excerpt-readmore\" href=\"https:\/\/standardcableteam.com\/en\/cables-fire-resistant\/\" aria-label=\"Fire resistant cables\">Read More<\/a><\/p>","protected":false},"author":1,"featured_media":0,"parent":0,"menu_order":0,"comment_status":"closed","ping_status":"closed","template":"page-sidebar.php","meta":{"footnotes":""},"class_list":["post-150","page","type-page","status-publish","hentry"],"_links":{"self":[{"href":"https:\/\/standardcableteam.com\/en\/wp-json\/wp\/v2\/pages\/150","targetHints":{"allow":["GET"]}}],"collection":[{"href":"https:\/\/standardcableteam.com\/en\/wp-json\/wp\/v2\/pages"}],"about":[{"href":"https:\/\/standardcableteam.com\/en\/wp-json\/wp\/v2\/types\/page"}],"author":[{"embeddable":true,"href":"https:\/\/standardcableteam.com\/en\/wp-json\/wp\/v2\/users\/1"}],"replies":[{"embeddable":true,"href":"https:\/\/standardcableteam.com\/en\/wp-json\/wp\/v2\/comments?post=150"}],"version-history":[{"count":2,"href":"https:\/\/standardcableteam.com\/en\/wp-json\/wp\/v2\/pages\/150\/revisions"}],"predecessor-version":[{"id":295,"href":"https:\/\/standardcableteam.com\/en\/wp-json\/wp\/v2\/pages\/150\/revisions\/295"}],"wp:attachment":[{"href":"https:\/\/standardcableteam.com\/en\/wp-json\/wp\/v2\/media?parent=150"}],"curies":[{"name":"wp","href":"https:\/\/api.w.org\/{rel}","templated":true}]}}