{"id":148,"date":"2017-01-19T17:29:37","date_gmt":"2017-01-19T17:29:37","guid":{"rendered":"http:\/\/localhost\/standard\/?page_id=148"},"modified":"2017-01-24T18:03:20","modified_gmt":"2017-01-24T18:03:20","slug":"cables-hibridos","status":"publish","type":"page","link":"https:\/\/standardcableteam.com\/en\/cables-hibridos\/","title":{"rendered":"Hybrid cables"},"content":{"rendered":"<div id=\"pl-148\"  class=\"panel-layout\" ><div id=\"pg-148-0\"  class=\"panel-grid panel-no-style\" ><div id=\"pgc-148-0-0\"  class=\"panel-grid-cell\" ><div id=\"panel-148-0-0-0\" class=\"so-panel widget widget_sow-image panel-first-child\" data-index=\"0\" ><div\n\t\t\t\n\t\t\tclass=\"so-widget-sow-image so-widget-sow-image-default-8b5b6f678277-148\"\n\t\t\t\n\t\t>\n<div class=\"sow-image-container\">\n\t\t<img \n\tsrc=\"https:\/\/standardcableteam.com\/wp-content\/uploads\/2017\/01\/cabecera_especial_hibrido.jpg\" width=\"1121\" height=\"270\" srcset=\"https:\/\/standardcableteam.com\/wp-content\/uploads\/2017\/01\/cabecera_especial_hibrido.jpg 1121w, https:\/\/standardcableteam.com\/wp-content\/uploads\/2017\/01\/cabecera_especial_hibrido-300x72.jpg 300w, https:\/\/standardcableteam.com\/wp-content\/uploads\/2017\/01\/cabecera_especial_hibrido-768x185.jpg 768w, https:\/\/standardcableteam.com\/wp-content\/uploads\/2017\/01\/cabecera_especial_hibrido-1024x247.jpg 1024w\" sizes=\"(max-width: 1121px) 100vw, 1121px\" alt=\"\" \t\tclass=\"so-widget-image\"\/>\n\t<\/div>\n\n<\/div><\/div><div id=\"panel-148-0-0-1\" class=\"so-panel widget widget_sow-editor panel-last-child\" data-index=\"1\" ><div\n\t\t\t\n\t\t\tclass=\"so-widget-sow-editor so-widget-sow-editor-base\"\n\t\t\t\n\t\t>\n<div class=\"siteorigin-widget-tinymce textwidget\">\n\t<p>The concept behind the concept of hybrid cables is that of optimization. Why use several cables when in a single product different elements can be incorporated that satisfy more than one need?<\/p>\n<p>Hybrid cables including fibre optics, copper or aluminium conductors for power distribution, copper pairs for communication are available in Standard Cableteam's portfolio in response to the need to optimise costs of the cable itself, costs associated with installation and space available for laying. Circular, Figure 8 or Trilobular Cables<\/p>\n<p>Likewise, the combination of different technologies makes it possible to take advantage of the advantages of each of them in the same product; for example, a copper cable for signalling or energy transmission that incorporates an auxiliary optical fibre in order to determine, in the event of an accidental cut or theft, the exact point where a repair must be carried out, or an optical fibre cable that incorporates copper conductors in order to electrically feed the interconnection equipment without the need for two specific cabling networks.<\/p>\n<p>Our strength lies in our ability to meet demands based on the world's most widespread standards and the ability to offer a product tailored to your specific needs. Send us your particular need and associated requirements to\u00a0 <a href=\"mailto:info@standardcableteam.com\"><span style=\"color: #0066cc;\">info@standardcableteam.com<\/span><\/a> and Standard Cableteam Spain S.L. will provide you with the most suitable and competitive solution.<\/p>\n<\/div>\n<\/div><\/div><\/div><\/div><\/div>","protected":false},"excerpt":{"rendered":"<p>El concepto que subyace detr\u00e1s del concepto de cables h\u00edbridos es el de optimizaci\u00f3n. \u00bfPor que utilizar varios cables cuando en un solo producto se pueden incorporar diferentes elementos que satisfagan m\u00e1s de una necesidad?.Cables h\u00edbridos que incluyen fibra \u00f3ptica, &hellip; <a class=\"kt-excerpt-readmore\" href=\"https:\/\/standardcableteam.com\/en\/cables-hibridos\/\" aria-label=\"Hybrid cables\">Read More<\/a><\/p>","protected":false},"author":1,"featured_media":0,"parent":0,"menu_order":0,"comment_status":"closed","ping_status":"closed","template":"page-sidebar.php","meta":{"footnotes":""},"class_list":["post-148","page","type-page","status-publish","hentry"],"_links":{"self":[{"href":"https:\/\/standardcableteam.com\/en\/wp-json\/wp\/v2\/pages\/148","targetHints":{"allow":["GET"]}}],"collection":[{"href":"https:\/\/standardcableteam.com\/en\/wp-json\/wp\/v2\/pages"}],"about":[{"href":"https:\/\/standardcableteam.com\/en\/wp-json\/wp\/v2\/types\/page"}],"author":[{"embeddable":true,"href":"https:\/\/standardcableteam.com\/en\/wp-json\/wp\/v2\/users\/1"}],"replies":[{"embeddable":true,"href":"https:\/\/standardcableteam.com\/en\/wp-json\/wp\/v2\/comments?post=148"}],"version-history":[{"count":3,"href":"https:\/\/standardcableteam.com\/en\/wp-json\/wp\/v2\/pages\/148\/revisions"}],"predecessor-version":[{"id":293,"href":"https:\/\/standardcableteam.com\/en\/wp-json\/wp\/v2\/pages\/148\/revisions\/293"}],"wp:attachment":[{"href":"https:\/\/standardcableteam.com\/en\/wp-json\/wp\/v2\/media?parent=148"}],"curies":[{"name":"wp","href":"https:\/\/api.w.org\/{rel}","templated":true}]}}