{"id":142,"date":"2017-01-19T17:17:56","date_gmt":"2017-01-19T17:17:56","guid":{"rendered":"http:\/\/localhost\/standard\/?page_id=142"},"modified":"2017-01-24T17:33:08","modified_gmt":"2017-01-24T17:33:08","slug":"instrumentacion","status":"publish","type":"page","link":"https:\/\/standardcableteam.com\/en\/instrumentacion\/","title":{"rendered":"Instrumentation"},"content":{"rendered":"<div id=\"pl-142\"  class=\"panel-layout\" ><div id=\"pg-142-0\"  class=\"panel-grid panel-no-style\" ><div id=\"pgc-142-0-0\"  class=\"panel-grid-cell\" ><div id=\"panel-142-0-0-0\" class=\"so-panel widget widget_sow-image panel-first-child\" data-index=\"0\" ><div\n\t\t\t\n\t\t\tclass=\"so-widget-sow-image so-widget-sow-image-default-8b5b6f678277-142\"\n\t\t\t\n\t\t>\n<div class=\"sow-image-container\">\n\t\t<img \n\tsrc=\"https:\/\/standardcableteam.com\/wp-content\/uploads\/2017\/01\/cabecera_industria_instrumentacion.jpg\" width=\"1125\" height=\"271\" srcset=\"https:\/\/standardcableteam.com\/wp-content\/uploads\/2017\/01\/cabecera_industria_instrumentacion.jpg 1125w, https:\/\/standardcableteam.com\/wp-content\/uploads\/2017\/01\/cabecera_industria_instrumentacion-300x72.jpg 300w, https:\/\/standardcableteam.com\/wp-content\/uploads\/2017\/01\/cabecera_industria_instrumentacion-768x185.jpg 768w, https:\/\/standardcableteam.com\/wp-content\/uploads\/2017\/01\/cabecera_industria_instrumentacion-1024x247.jpg 1024w\" sizes=\"(max-width: 1125px) 100vw, 1125px\" alt=\"\" \t\tclass=\"so-widget-image\"\/>\n\t<\/div>\n\n<\/div><\/div><div id=\"panel-142-0-0-1\" class=\"so-panel widget widget_sow-editor panel-last-child\" data-index=\"1\" ><div\n\t\t\t\n\t\t\tclass=\"so-widget-sow-editor so-widget-sow-editor-base\"\n\t\t\t\n\t\t>\n<div class=\"siteorigin-widget-tinymce textwidget\">\n\t<p>The so-called instrumentation cables are mainly used in the communication and management systems of industrial processes; chemical plants, oil plants and electrical installations are some of the typical installations where this type of cables are present guaranteeing that the flow of information between the different equipments, essential for the correct operation, control and synchronization of the different machines and processes.<\/p>\n<p>The cables manufactured by Standard Cableteam ensure perfect transmission in this industrial environment through an effective combination of designs and construction elements.\u00a0Steel wire crowns provide mechanical strength, electromagnetic compatibility through the application of global meshes and individual shields and reaction to fire and chemical resistance provided by specially developed sheath compounds.<\/p>\n<p>\u00a0Our strength lies in our ability to meet demands based on the world's most widespread standards and the ability to offer a product tailored to your specific needs. Send us your particular need and associated requirements to\u00a0 <a href=\"mailto:info@standardcableteam.com\">info@standardcableteam.com<\/a> and Standard Cableteam Spain S.L. will provide you with the most suitable and competitive solution.<\/p>\n<\/div>\n<\/div><\/div><\/div><\/div><\/div>","protected":false},"excerpt":{"rendered":"<p>Los Cables denominados de instrumentaci\u00f3n se utilizan fundamentalmente en los sistemas de comunicaci\u00f3n y gesti\u00f3n de los procesos industriales; plantas qu\u00edmicas, petrol\u00edferas e instalaciones el\u00e9ctricas son algunas de las instalaciones tipo donde este tipo de cables est\u00e1n presentes garantizando que &hellip; <a class=\"kt-excerpt-readmore\" href=\"https:\/\/standardcableteam.com\/en\/instrumentacion\/\" aria-label=\"Instrumentation\">Read More<\/a><\/p>","protected":false},"author":1,"featured_media":0,"parent":0,"menu_order":0,"comment_status":"closed","ping_status":"closed","template":"page-sidebar.php","meta":{"footnotes":""},"class_list":["post-142","page","type-page","status-publish","hentry"],"_links":{"self":[{"href":"https:\/\/standardcableteam.com\/en\/wp-json\/wp\/v2\/pages\/142","targetHints":{"allow":["GET"]}}],"collection":[{"href":"https:\/\/standardcableteam.com\/en\/wp-json\/wp\/v2\/pages"}],"about":[{"href":"https:\/\/standardcableteam.com\/en\/wp-json\/wp\/v2\/types\/page"}],"author":[{"embeddable":true,"href":"https:\/\/standardcableteam.com\/en\/wp-json\/wp\/v2\/users\/1"}],"replies":[{"embeddable":true,"href":"https:\/\/standardcableteam.com\/en\/wp-json\/wp\/v2\/comments?post=142"}],"version-history":[{"count":2,"href":"https:\/\/standardcableteam.com\/en\/wp-json\/wp\/v2\/pages\/142\/revisions"}],"predecessor-version":[{"id":281,"href":"https:\/\/standardcableteam.com\/en\/wp-json\/wp\/v2\/pages\/142\/revisions\/281"}],"wp:attachment":[{"href":"https:\/\/standardcableteam.com\/en\/wp-json\/wp\/v2\/media?parent=142"}],"curies":[{"name":"wp","href":"https:\/\/api.w.org\/{rel}","templated":true}]}}