{"id":136,"date":"2017-01-19T17:14:03","date_gmt":"2017-01-19T17:14:03","guid":{"rendered":"http:\/\/localhost\/standard\/?page_id=136"},"modified":"2019-08-08T07:25:05","modified_gmt":"2019-08-08T07:25:05","slug":"redes-de-media-tension","status":"publish","type":"page","link":"https:\/\/standardcableteam.com\/en\/redes-de-media-tension\/","title":{"rendered":"Medium voltage networks"},"content":{"rendered":"<div id=\"pl-136\"  class=\"panel-layout\" ><div id=\"pg-136-0\"  class=\"panel-grid panel-no-style\" ><div id=\"pgc-136-0-0\"  class=\"panel-grid-cell\" ><div id=\"panel-136-0-0-0\" class=\"so-panel widget widget_sow-image panel-first-child\" data-index=\"0\" ><div\n\t\t\t\n\t\t\tclass=\"so-widget-sow-image so-widget-sow-image-default-8b5b6f678277-136\"\n\t\t\t\n\t\t>\n<div class=\"sow-image-container\">\n\t\t<img \n\tsrc=\"https:\/\/standardcableteam.com\/wp-content\/uploads\/2017\/01\/cabecera_energia_MV.jpg\" width=\"1129\" height=\"271\" srcset=\"https:\/\/standardcableteam.com\/wp-content\/uploads\/2017\/01\/cabecera_energia_MV.jpg 1129w, https:\/\/standardcableteam.com\/wp-content\/uploads\/2017\/01\/cabecera_energia_MV-300x72.jpg 300w, https:\/\/standardcableteam.com\/wp-content\/uploads\/2017\/01\/cabecera_energia_MV-768x184.jpg 768w, https:\/\/standardcableteam.com\/wp-content\/uploads\/2017\/01\/cabecera_energia_MV-1024x246.jpg 1024w\" sizes=\"(max-width: 1129px) 100vw, 1129px\" alt=\"\" \t\tclass=\"so-widget-image\"\/>\n\t<\/div>\n\n<\/div><\/div><div id=\"panel-136-0-0-1\" class=\"so-panel widget widget_sow-editor panel-last-child\" data-index=\"1\" ><div\n\t\t\t\n\t\t\tclass=\"so-widget-sow-editor so-widget-sow-editor-base\"\n\t\t\t\n\t\t>\n<div class=\"siteorigin-widget-tinymce textwidget\">\n\t<p>Medium-voltage cables up to 36 kV account for approximately 30% of the cables installed. After low-voltage cables, this is the most widespread range in the range of power transmission cables.<\/p>\n<p>Although the innovations introduced in medium voltage cables in recent years have been comparatively less than the advances achieved in the field of high and ultra high voltage, for us it remains an essential part of our development program which allows us today to offer our customers the widest portfolio of cables in both copper and aluminum.<\/p>\n<p>Como producto est\u00e1ndar ponemos a disposici\u00f3n de nuestro clientes cables single-core con aislamiento de polietileno reticulado XLPE y seccciones que oscilan entre los 35 y 800 mm2 para un rango de tensi\u00f3n entre 6 \/ 10 KV hasta 30 KV tanto con coundutor de cobre como de aluminio.<\/p>\n<p>Our strength lies in our ability to meet demands based on the world's most widespread standards and the ability to offer a product tailored to your specific needs. Send us your particular need and associated requirements to\u00a0 <a href=\"mailto:info@standardcableteam.com\">info@standardcableteam.com<\/a> and Standard Cableteam Spain S.L. will provide you with the most suitable and competitive solution.<\/p>\n<\/div>\n<\/div><\/div><\/div><\/div><\/div>","protected":false},"excerpt":{"rendered":"<p>Los cables de media tensi\u00f3n de hasta 36 KV suponen aproximadamente el 30 % de los cables instalados siendo, tras los cables de baja tensi\u00f3n, la gama m\u00e1s extendida en el rango de los cables de transmisi\u00f3n de energ\u00eda. Si &hellip; <a class=\"kt-excerpt-readmore\" href=\"https:\/\/standardcableteam.com\/en\/redes-de-media-tension\/\" aria-label=\"Medium voltage networks\">Read More<\/a><\/p>","protected":false},"author":1,"featured_media":0,"parent":0,"menu_order":0,"comment_status":"closed","ping_status":"closed","template":"page-sidebar.php","meta":{"footnotes":""},"class_list":["post-136","page","type-page","status-publish","hentry"],"_links":{"self":[{"href":"https:\/\/standardcableteam.com\/en\/wp-json\/wp\/v2\/pages\/136","targetHints":{"allow":["GET"]}}],"collection":[{"href":"https:\/\/standardcableteam.com\/en\/wp-json\/wp\/v2\/pages"}],"about":[{"href":"https:\/\/standardcableteam.com\/en\/wp-json\/wp\/v2\/types\/page"}],"author":[{"embeddable":true,"href":"https:\/\/standardcableteam.com\/en\/wp-json\/wp\/v2\/users\/1"}],"replies":[{"embeddable":true,"href":"https:\/\/standardcableteam.com\/en\/wp-json\/wp\/v2\/comments?post=136"}],"version-history":[{"count":4,"href":"https:\/\/standardcableteam.com\/en\/wp-json\/wp\/v2\/pages\/136\/revisions"}],"predecessor-version":[{"id":656,"href":"https:\/\/standardcableteam.com\/en\/wp-json\/wp\/v2\/pages\/136\/revisions\/656"}],"wp:attachment":[{"href":"https:\/\/standardcableteam.com\/en\/wp-json\/wp\/v2\/media?parent=136"}],"curies":[{"name":"wp","href":"https:\/\/api.w.org\/{rel}","templated":true}]}}