{"id":127,"date":"2017-01-19T17:11:24","date_gmt":"2017-01-19T17:11:24","guid":{"rendered":"http:\/\/localhost\/standard\/?page_id=127"},"modified":"2017-01-24T18:01:47","modified_gmt":"2017-01-24T18:01:47","slug":"aeropuertos","status":"publish","type":"page","link":"https:\/\/standardcableteam.com\/en\/aeropuertos\/","title":{"rendered":"Airports"},"content":{"rendered":"<div id=\"pl-127\"  class=\"panel-layout\" ><div id=\"pg-127-0\"  class=\"panel-grid panel-no-style\" ><div id=\"pgc-127-0-0\"  class=\"panel-grid-cell\" ><div id=\"panel-127-0-0-0\" class=\"so-panel widget widget_sow-image panel-first-child\" data-index=\"0\" ><div\n\t\t\t\n\t\t\tclass=\"so-widget-sow-image so-widget-sow-image-default-8b5b6f678277-127\"\n\t\t\t\n\t\t>\n<div class=\"sow-image-container\">\n\t\t<img \n\tsrc=\"https:\/\/standardcableteam.com\/wp-content\/uploads\/2017\/01\/caecera_infrastructura_aeropuerto.jpg\" width=\"1129\" height=\"271\" srcset=\"https:\/\/standardcableteam.com\/wp-content\/uploads\/2017\/01\/caecera_infrastructura_aeropuerto.jpg 1129w, https:\/\/standardcableteam.com\/wp-content\/uploads\/2017\/01\/caecera_infrastructura_aeropuerto-300x72.jpg 300w, https:\/\/standardcableteam.com\/wp-content\/uploads\/2017\/01\/caecera_infrastructura_aeropuerto-768x184.jpg 768w, https:\/\/standardcableteam.com\/wp-content\/uploads\/2017\/01\/caecera_infrastructura_aeropuerto-1024x246.jpg 1024w\" sizes=\"(max-width: 1129px) 100vw, 1129px\" alt=\"\" \t\tclass=\"so-widget-image\"\/>\n\t<\/div>\n\n<\/div><\/div><div id=\"panel-127-0-0-1\" class=\"so-panel widget widget_sow-editor panel-last-child\" data-index=\"1\" ><div\n\t\t\t\n\t\t\tclass=\"so-widget-sow-editor so-widget-sow-editor-base\"\n\t\t\t\n\t\t>\n<div class=\"siteorigin-widget-tinymce textwidget\">\n\t<p>Airports today represent the highest level of technical complexity and management of all the infrastructures created by human beings. An example of this is the more than 10,000 km of cable that, in its different variants, underlie the Adolfo Su\u00e1rez International Airport in Madrid - Barajas.<\/p>\n<p>High, medium and low voltage energy transport and distribution cables, copper and optical fibre communications and data cables, special beaconing, signalling and control cables form part of the portfolio of products that Standard Cableteam makes available to its customers in response to the cabling needs of this type of infrastructure.<\/p>\n<p>Our strength lies in our ability to meet demands based on the world's most widespread standards and the ability to offer a product tailored to your specific needs. Send us your particular need and associated requirements to\u00a0 <a href=\"mailto:info@standardcableteam.com\"><span style=\"color: #0066cc;\">info@standardcableteam.com<\/span><\/a> and Standard Cableteam Spain S.L. will provide you with the most suitable and competitive solution.<\/p>\n<\/div>\n<\/div><\/div><\/div><\/div><\/div>","protected":false},"excerpt":{"rendered":"<p>Los aeropuertos representan hoy en d\u00eda, el m\u00e1s alto nivel de complejidad t\u00e9cnica y de gesti\u00f3n de todas las infrastructuras creadas por el ser humano. Sirva como ejemplo de magnitud los m\u00e1s de 10.000 km de cable que, en sus &hellip; <a class=\"kt-excerpt-readmore\" href=\"https:\/\/standardcableteam.com\/en\/aeropuertos\/\" aria-label=\"Airports\">Read More<\/a><\/p>","protected":false},"author":1,"featured_media":0,"parent":0,"menu_order":0,"comment_status":"closed","ping_status":"closed","template":"page-sidebar.php","meta":{"footnotes":""},"class_list":["post-127","page","type-page","status-publish","hentry"],"_links":{"self":[{"href":"https:\/\/standardcableteam.com\/en\/wp-json\/wp\/v2\/pages\/127","targetHints":{"allow":["GET"]}}],"collection":[{"href":"https:\/\/standardcableteam.com\/en\/wp-json\/wp\/v2\/pages"}],"about":[{"href":"https:\/\/standardcableteam.com\/en\/wp-json\/wp\/v2\/types\/page"}],"author":[{"embeddable":true,"href":"https:\/\/standardcableteam.com\/en\/wp-json\/wp\/v2\/users\/1"}],"replies":[{"embeddable":true,"href":"https:\/\/standardcableteam.com\/en\/wp-json\/wp\/v2\/comments?post=127"}],"version-history":[{"count":3,"href":"https:\/\/standardcableteam.com\/en\/wp-json\/wp\/v2\/pages\/127\/revisions"}],"predecessor-version":[{"id":412,"href":"https:\/\/standardcableteam.com\/en\/wp-json\/wp\/v2\/pages\/127\/revisions\/412"}],"wp:attachment":[{"href":"https:\/\/standardcableteam.com\/en\/wp-json\/wp\/v2\/media?parent=127"}],"curies":[{"name":"wp","href":"https:\/\/api.w.org\/{rel}","templated":true}]}}