{"id":123,"date":"2017-01-19T17:09:58","date_gmt":"2017-01-19T17:09:58","guid":{"rendered":"http:\/\/localhost\/standard\/?page_id=123"},"modified":"2017-01-24T18:00:08","modified_gmt":"2017-01-24T18:00:08","slug":"autopista","status":"publish","type":"page","link":"https:\/\/standardcableteam.com\/en\/autopista\/","title":{"rendered":"Highways"},"content":{"rendered":"<div id=\"pl-123\"  class=\"panel-layout\" ><div id=\"pg-123-0\"  class=\"panel-grid panel-no-style\" ><div id=\"pgc-123-0-0\"  class=\"panel-grid-cell\" ><div id=\"panel-123-0-0-0\" class=\"so-panel widget widget_sow-image panel-first-child\" data-index=\"0\" ><div\n\t\t\t\n\t\t\tclass=\"so-widget-sow-image so-widget-sow-image-default-8b5b6f678277-123\"\n\t\t\t\n\t\t>\n<div class=\"sow-image-container\">\n\t\t<img \n\tsrc=\"https:\/\/standardcableteam.com\/wp-content\/uploads\/2017\/01\/cabecera_infrastructura_motorways.jpg\" width=\"1129\" height=\"271\" srcset=\"https:\/\/standardcableteam.com\/wp-content\/uploads\/2017\/01\/cabecera_infrastructura_motorways.jpg 1129w, https:\/\/standardcableteam.com\/wp-content\/uploads\/2017\/01\/cabecera_infrastructura_motorways-300x72.jpg 300w, https:\/\/standardcableteam.com\/wp-content\/uploads\/2017\/01\/cabecera_infrastructura_motorways-768x184.jpg 768w, https:\/\/standardcableteam.com\/wp-content\/uploads\/2017\/01\/cabecera_infrastructura_motorways-1024x246.jpg 1024w\" sizes=\"(max-width: 1129px) 100vw, 1129px\" alt=\"\" \t\tclass=\"so-widget-image\"\/>\n\t<\/div>\n\n<\/div><\/div><div id=\"panel-123-0-0-1\" class=\"so-panel widget widget_sow-editor panel-last-child\" data-index=\"1\" ><div\n\t\t\t\n\t\t\tclass=\"so-widget-sow-editor so-widget-sow-editor-base\"\n\t\t\t\n\t\t>\n<div class=\"siteorigin-widget-tinymce textwidget\">\n\t<p>Modern motorways demand, as a hidden but fundamental component of their infrastructure, cabling solutions supplied by Standard Cableteam on three differentiated levels:<\/p>\n<ul>\n<li>\n<p>Electricity distribution network for auxiliary systems (lighting, tunnel ventilation, control centres, etc.)<\/p>\n<\/li>\n<li>\n<p>Telecommunication. Network that provides call services, emergency telephones, access to LAN \/ WAN data in control centers, video surveillance, etc..<\/p>\n<\/li>\n<li>\n<p>Remote signalling and management including dynamic light signalling, traffic control and radar control.<\/p>\n<\/li>\n<\/ul>\n<p>\u00a0<\/p>\n<p>Our strength lies in our ability to meet demands based on the world's most widespread standards and the ability to offer a product tailored to your specific needs. Send us your particular need and associated requirements to\u00a0 <a href=\"mailto:info@standardcableteam.com\"><span style=\"color: #0066cc;\">info@standardcableteam.com<\/span><\/a> and Standard Cableteam Spain S.L. will provide you with the most suitable and competitive solution.<\/p>\n<\/div>\n<\/div><\/div><\/div><\/div><\/div>","protected":false},"excerpt":{"rendered":"<p>Las modernas autopistas demandan, como componente oculta pero fundamental de su infrastructura,\u00a0soluciones de cableado suministradas por Standard Cableteam en tres niveles\u00a0diferenciados:Red de distribuci\u00f3n el\u00e9ctrica de sistemas auxiliares (iluminaci\u00f3n, ventilaci\u00f3n de tuneles, centros de control,..)Telecomunicaci\u00f3n. Red que proporciona servicios de llamada, &hellip; <a class=\"kt-excerpt-readmore\" href=\"https:\/\/standardcableteam.com\/en\/autopista\/\" aria-label=\"Highways\">Read More<\/a><\/p>","protected":false},"author":1,"featured_media":0,"parent":0,"menu_order":0,"comment_status":"closed","ping_status":"closed","template":"page-sidebar.php","meta":{"footnotes":""},"class_list":["post-123","page","type-page","status-publish","hentry"],"_links":{"self":[{"href":"https:\/\/standardcableteam.com\/en\/wp-json\/wp\/v2\/pages\/123","targetHints":{"allow":["GET"]}}],"collection":[{"href":"https:\/\/standardcableteam.com\/en\/wp-json\/wp\/v2\/pages"}],"about":[{"href":"https:\/\/standardcableteam.com\/en\/wp-json\/wp\/v2\/types\/page"}],"author":[{"embeddable":true,"href":"https:\/\/standardcableteam.com\/en\/wp-json\/wp\/v2\/users\/1"}],"replies":[{"embeddable":true,"href":"https:\/\/standardcableteam.com\/en\/wp-json\/wp\/v2\/comments?post=123"}],"version-history":[{"count":2,"href":"https:\/\/standardcableteam.com\/en\/wp-json\/wp\/v2\/pages\/123\/revisions"}],"predecessor-version":[{"id":289,"href":"https:\/\/standardcableteam.com\/en\/wp-json\/wp\/v2\/pages\/123\/revisions\/289"}],"wp:attachment":[{"href":"https:\/\/standardcableteam.com\/en\/wp-json\/wp\/v2\/media?parent=123"}],"curies":[{"name":"wp","href":"https:\/\/api.w.org\/{rel}","templated":true}]}}