{"id":109,"date":"2017-01-19T16:54:08","date_gmt":"2017-01-19T16:54:08","guid":{"rendered":"http:\/\/localhost\/standard\/?page_id=109"},"modified":"2017-01-24T17:15:22","modified_gmt":"2017-01-24T17:15:22","slug":"microcables","status":"publish","type":"page","link":"https:\/\/standardcableteam.com\/en\/microcables\/","title":{"rendered":"Microcables"},"content":{"rendered":"<div id=\"pl-109\"  class=\"panel-layout\" ><div id=\"pg-109-0\"  class=\"panel-grid panel-no-style\" ><div id=\"pgc-109-0-0\"  class=\"panel-grid-cell\" ><div id=\"panel-109-0-0-0\" class=\"so-panel widget widget_sow-image panel-first-child\" data-index=\"0\" ><div\n\t\t\t\n\t\t\tclass=\"so-widget-sow-image so-widget-sow-image-default-8b5b6f678277-109\"\n\t\t\t\n\t\t>\n<div class=\"sow-image-container\">\n\t\t<img \n\tsrc=\"https:\/\/standardcableteam.com\/wp-content\/uploads\/2017\/01\/cabezera_telecom_minicables.jpg\" width=\"1125\" height=\"271\" srcset=\"https:\/\/standardcableteam.com\/wp-content\/uploads\/2017\/01\/cabezera_telecom_minicables.jpg 1125w, https:\/\/standardcableteam.com\/wp-content\/uploads\/2017\/01\/cabezera_telecom_minicables-300x72.jpg 300w, https:\/\/standardcableteam.com\/wp-content\/uploads\/2017\/01\/cabezera_telecom_minicables-768x185.jpg 768w, https:\/\/standardcableteam.com\/wp-content\/uploads\/2017\/01\/cabezera_telecom_minicables-1024x247.jpg 1024w\" sizes=\"(max-width: 1125px) 100vw, 1125px\" alt=\"\" \t\tclass=\"so-widget-image\"\/>\n\t<\/div>\n\n<\/div><\/div><div id=\"panel-109-0-0-1\" class=\"so-panel widget widget_sow-editor\" data-index=\"1\" ><div\n\t\t\t\n\t\t\tclass=\"so-widget-sow-editor so-widget-sow-editor-base\"\n\t\t\t\n\t\t>\n<div class=\"siteorigin-widget-tinymce textwidget\">\n\t<p>The name microcables covers the range of optical cables in which, for the following reasons, the dimensions of the cables have been reduced to the maximum and always maintaining the levels of mechanical reliability required to guarantee optimum transmission capacity:<\/p>\n<ul>\n<li>\n<p>Cost of cables: The reduction in the size of the cables automatically implies a reduction in the quantity of materials used in the manufacture and consequently a reduction in the cost of the cables.<\/p>\n<\/li>\n<li>\n<p>Installation cost: The possibility of installation using microducts and even micro trenches significantly reduces the costs of civil works as well as the time and inconvenience associated with it.<\/p>\n<\/li>\n<li>\n<p>Scalability of the network: Future installation of new cables by blowing without the need for civil works using previously existing microducts.<\/p>\n<\/li>\n<\/ul>\n<p>\u00a0Standard Cableteam Spain offers cables of up to 288 optical fibres with a diameter of 1 cm for installation by blowing into microducts.<\/p>\n<\/div>\n<\/div><\/div><div id=\"panel-109-0-0-2\" class=\"so-panel widget widget_sow-image panel-last-child\" data-index=\"2\" ><div\n\t\t\t\n\t\t\tclass=\"so-widget-sow-image so-widget-sow-image-default-8b5b6f678277-109\"\n\t\t\t\n\t\t>\n<div class=\"sow-image-container\">\n\t\t<img \n\tsrc=\"https:\/\/standardcableteam.com\/wp-content\/uploads\/2017\/01\/microcable.jpg\" width=\"1079\" height=\"684\" srcset=\"https:\/\/standardcableteam.com\/wp-content\/uploads\/2017\/01\/microcable.jpg 1079w, https:\/\/standardcableteam.com\/wp-content\/uploads\/2017\/01\/microcable-300x190.jpg 300w, https:\/\/standardcableteam.com\/wp-content\/uploads\/2017\/01\/microcable-768x487.jpg 768w, https:\/\/standardcableteam.com\/wp-content\/uploads\/2017\/01\/microcable-1024x649.jpg 1024w, https:\/\/standardcableteam.com\/wp-content\/uploads\/2017\/01\/microcable-80x50.jpg 80w\" sizes=\"(max-width: 1079px) 100vw, 1079px\" alt=\"\" \t\tclass=\"so-widget-image\"\/>\n\t<\/div>\n\n<\/div><\/div><\/div><\/div><\/div>","protected":false},"excerpt":{"rendered":"<p>La\u00a0denominaci\u00f3n de microcables\u00a0cubre el rango de cables \u00f3pticos en los cuales, y por las razones que se exponen a continuaci\u00f3n, las dimensiones de los mismo han sido reducidas al m\u00e1ximo\u00a0y siempre manteniendo los niveles de fiabilidad mec\u00e1nica exigibles para garantizar &hellip; <a class=\"kt-excerpt-readmore\" href=\"https:\/\/standardcableteam.com\/en\/microcables\/\" aria-label=\"Microcables\">Read More<\/a><\/p>","protected":false},"author":1,"featured_media":0,"parent":0,"menu_order":0,"comment_status":"closed","ping_status":"closed","template":"page-sidebar.php","meta":{"footnotes":""},"class_list":["post-109","page","type-page","status-publish","hentry"],"_links":{"self":[{"href":"https:\/\/standardcableteam.com\/en\/wp-json\/wp\/v2\/pages\/109","targetHints":{"allow":["GET"]}}],"collection":[{"href":"https:\/\/standardcableteam.com\/en\/wp-json\/wp\/v2\/pages"}],"about":[{"href":"https:\/\/standardcableteam.com\/en\/wp-json\/wp\/v2\/types\/page"}],"author":[{"embeddable":true,"href":"https:\/\/standardcableteam.com\/en\/wp-json\/wp\/v2\/users\/1"}],"replies":[{"embeddable":true,"href":"https:\/\/standardcableteam.com\/en\/wp-json\/wp\/v2\/comments?post=109"}],"version-history":[{"count":3,"href":"https:\/\/standardcableteam.com\/en\/wp-json\/wp\/v2\/pages\/109\/revisions"}],"predecessor-version":[{"id":271,"href":"https:\/\/standardcableteam.com\/en\/wp-json\/wp\/v2\/pages\/109\/revisions\/271"}],"wp:attachment":[{"href":"https:\/\/standardcableteam.com\/en\/wp-json\/wp\/v2\/media?parent=109"}],"curies":[{"name":"wp","href":"https:\/\/api.w.org\/{rel}","templated":true}]}}