{"id":107,"date":"2017-01-19T16:53:45","date_gmt":"2017-01-19T16:53:45","guid":{"rendered":"http:\/\/localhost\/standard\/?page_id=107"},"modified":"2017-01-24T17:12:28","modified_gmt":"2017-01-24T17:12:28","slug":"redes-de-datos","status":"publish","type":"page","link":"https:\/\/standardcableteam.com\/en\/redes-de-datos\/","title":{"rendered":"Data networks"},"content":{"rendered":"<div id=\"pl-107\"  class=\"panel-layout\" ><div id=\"pg-107-0\"  class=\"panel-grid panel-no-style\" ><div id=\"pgc-107-0-0\"  class=\"panel-grid-cell\" ><div id=\"panel-107-0-0-0\" class=\"so-panel widget widget_sow-image panel-first-child\" data-index=\"0\" ><div\n\t\t\t\n\t\t\tclass=\"so-widget-sow-image so-widget-sow-image-default-8b5b6f678277-107\"\n\t\t\t\n\t\t>\n<div class=\"sow-image-container\">\n\t\t<img \n\tsrc=\"https:\/\/standardcableteam.com\/wp-content\/uploads\/2017\/01\/cabezera_telecom_datos.jpg\" width=\"1125\" height=\"271\" srcset=\"https:\/\/standardcableteam.com\/wp-content\/uploads\/2017\/01\/cabezera_telecom_datos.jpg 1125w, https:\/\/standardcableteam.com\/wp-content\/uploads\/2017\/01\/cabezera_telecom_datos-300x72.jpg 300w, https:\/\/standardcableteam.com\/wp-content\/uploads\/2017\/01\/cabezera_telecom_datos-768x185.jpg 768w, https:\/\/standardcableteam.com\/wp-content\/uploads\/2017\/01\/cabezera_telecom_datos-1024x247.jpg 1024w\" sizes=\"(max-width: 1125px) 100vw, 1125px\" alt=\"\" \t\tclass=\"so-widget-image\"\/>\n\t<\/div>\n\n<\/div><\/div><div id=\"panel-107-0-0-1\" class=\"so-panel widget widget_sow-editor panel-last-child\" data-index=\"1\" ><div\n\t\t\t\n\t\t\tclass=\"so-widget-sow-editor so-widget-sow-editor-base\"\n\t\t\t\n\t\t>\n<div class=\"siteorigin-widget-tinymce textwidget\">\n\t<p>Standard Cableteam Spain S.L., in cooperation with other production plants within the Wilms Group, offers you the widest range of data cables available in the market and with quality levels that far exceed those established in the different international standards EIA\/TIA, ISO and CENELEC EN.<\/p>\n<p>Data cables are used in analog and digital transmissions at high frequencies up to 1500 MHz and divided into primary (campus or trunk), secondary (riser or vertical cabling) and tertiary (horizontal cabling) structured cabling regulations.<\/p>\n<p>\u00a0Our portfolio includes category 5E, 6, 6a, 7 and 7a cables in rigid or flexible conductor versions, for outdoor or indoor installation with PE, PVC or halogen-free ZHLS sheaths, as well as all possible combinations of U\/UTP, F\/UTP, F\/FTP and S\/FTP shielding with the possibility of customization for special applications.<\/p>\n<p>Recently, and ahead of the definitive standardization, we have added to our offer category 8 cables with transmission capacities up to 1200 MHz frequency.<\/p>\n<\/div>\n<\/div><\/div><\/div><\/div><div id=\"pg-107-1\"  class=\"panel-grid panel-no-style\" ><div id=\"pgc-107-1-0\"  class=\"panel-grid-cell\" ><div id=\"panel-107-1-0-0\" class=\"so-panel widget widget_sow-image panel-first-child panel-last-child\" data-index=\"2\" ><div\n\t\t\t\n\t\t\tclass=\"so-widget-sow-image so-widget-sow-image-default-8b5b6f678277-107\"\n\t\t\t\n\t\t>\n<div class=\"sow-image-container\">\n\t\t<img \n\tsrc=\"https:\/\/standardcableteam.com\/wp-content\/uploads\/2017\/01\/U_UTP.png\" width=\"115\" height=\"115\" sizes=\"(max-width: 115px) 100vw, 115px\" title=\"Cable U\/UTP\" alt=\"\" \t\tclass=\"so-widget-image\"\/>\n\t<\/div>\n\n<h3 class=\"widget-title\">Cable U\/UTP<\/h3><\/div><\/div><\/div><div id=\"pgc-107-1-1\"  class=\"panel-grid-cell\" ><div id=\"panel-107-1-1-0\" class=\"so-panel widget widget_sow-image panel-first-child panel-last-child\" data-index=\"3\" ><div\n\t\t\t\n\t\t\tclass=\"so-widget-sow-image so-widget-sow-image-default-8b5b6f678277-107\"\n\t\t\t\n\t\t>\n<div class=\"sow-image-container\">\n\t\t<img \n\tsrc=\"https:\/\/standardcableteam.com\/wp-content\/uploads\/2017\/01\/F_UTP.png\" width=\"115\" height=\"115\" sizes=\"(max-width: 115px) 100vw, 115px\" title=\"Cable F\/UTP\" alt=\"\" \t\tclass=\"so-widget-image\"\/>\n\t<\/div>\n\n<h3 class=\"widget-title\">Cable F\/UTP<\/h3><\/div><\/div><\/div><div id=\"pgc-107-1-2\"  class=\"panel-grid-cell\" ><div id=\"panel-107-1-2-0\" class=\"so-panel widget widget_sow-image panel-first-child panel-last-child\" data-index=\"4\" ><div\n\t\t\t\n\t\t\tclass=\"so-widget-sow-image so-widget-sow-image-default-8b5b6f678277-107\"\n\t\t\t\n\t\t>\n<div class=\"sow-image-container\">\n\t\t<img \n\tsrc=\"https:\/\/standardcableteam.com\/wp-content\/uploads\/2017\/01\/F_FTP.png\" width=\"115\" height=\"115\" sizes=\"(max-width: 115px) 100vw, 115px\" title=\"Cable F\/FTP\" alt=\"\" \t\tclass=\"so-widget-image\"\/>\n\t<\/div>\n\n<h3 class=\"widget-title\">Cable F\/FTP<\/h3><\/div><\/div><\/div><div id=\"pgc-107-1-3\"  class=\"panel-grid-cell\" ><div id=\"panel-107-1-3-0\" class=\"so-panel widget widget_sow-image panel-first-child panel-last-child\" data-index=\"5\" ><div\n\t\t\t\n\t\t\tclass=\"so-widget-sow-image so-widget-sow-image-default-8b5b6f678277-107\"\n\t\t\t\n\t\t>\n<div class=\"sow-image-container\">\n\t\t<img \n\tsrc=\"https:\/\/standardcableteam.com\/wp-content\/uploads\/2017\/01\/S_FTP.png\" width=\"115\" height=\"115\" sizes=\"(max-width: 115px) 100vw, 115px\" title=\"Cable S\/FTP\" alt=\"\" \t\tclass=\"so-widget-image\"\/>\n\t<\/div>\n\n<h3 class=\"widget-title\">Cable S\/FTP<\/h3><\/div><\/div><\/div><\/div><div id=\"pg-107-2\"  class=\"panel-grid panel-no-style\" ><div id=\"pgc-107-2-0\"  class=\"panel-grid-cell\" ><div id=\"panel-107-2-0-0\" class=\"so-panel widget widget_sow-editor panel-first-child panel-last-child\" data-index=\"6\" ><div\n\t\t\t\n\t\t\tclass=\"so-widget-sow-editor so-widget-sow-editor-base\"\n\t\t\t\n\t\t>\n<div class=\"siteorigin-widget-tinymce textwidget\">\n\t<p>In all cases TP stands for 'twisted pair', while U,S and F stand for 'unshielded', 'shielded' and 'foiled' global (at cable level) when placed before the bar and individual (at torque level) when placed behind.\u00a0<\/p>\n<\/div>\n<\/div><\/div><\/div><\/div><\/div>","protected":false},"excerpt":{"rendered":"<p>Standard Cableteam Spain S.L., en cooperaci\u00f3n con otras plantas productoras englobadas en el Grupo Wilms, pone a su disposici\u00f3n en m\u00e1s amplio rango de cables de datos existente en el mercado y con niveles de calidad que superan ampliamente los &hellip; <a class=\"kt-excerpt-readmore\" href=\"https:\/\/standardcableteam.com\/en\/redes-de-datos\/\" aria-label=\"Data networks\">Read More<\/a><\/p>","protected":false},"author":1,"featured_media":0,"parent":0,"menu_order":0,"comment_status":"closed","ping_status":"closed","template":"page-sidebar.php","meta":{"footnotes":""},"class_list":["post-107","page","type-page","status-publish","hentry"],"_links":{"self":[{"href":"https:\/\/standardcableteam.com\/en\/wp-json\/wp\/v2\/pages\/107","targetHints":{"allow":["GET"]}}],"collection":[{"href":"https:\/\/standardcableteam.com\/en\/wp-json\/wp\/v2\/pages"}],"about":[{"href":"https:\/\/standardcableteam.com\/en\/wp-json\/wp\/v2\/types\/page"}],"author":[{"embeddable":true,"href":"https:\/\/standardcableteam.com\/en\/wp-json\/wp\/v2\/users\/1"}],"replies":[{"embeddable":true,"href":"https:\/\/standardcableteam.com\/en\/wp-json\/wp\/v2\/comments?post=107"}],"version-history":[{"count":5,"href":"https:\/\/standardcableteam.com\/en\/wp-json\/wp\/v2\/pages\/107\/revisions"}],"predecessor-version":[{"id":262,"href":"https:\/\/standardcableteam.com\/en\/wp-json\/wp\/v2\/pages\/107\/revisions\/262"}],"wp:attachment":[{"href":"https:\/\/standardcableteam.com\/en\/wp-json\/wp\/v2\/media?parent=107"}],"curies":[{"name":"wp","href":"https:\/\/api.w.org\/{rel}","templated":true}]}}