{"id":105,"date":"2017-01-19T16:53:20","date_gmt":"2017-01-19T16:53:20","guid":{"rendered":"http:\/\/localhost\/standard\/?page_id=105"},"modified":"2017-01-24T17:00:08","modified_gmt":"2017-01-24T17:00:08","slug":"redes-de-fibra-optica","status":"publish","type":"page","link":"https:\/\/standardcableteam.com\/en\/redes-de-fibra-optica\/","title":{"rendered":"Fiber optic networks"},"content":{"rendered":"<div id=\"pl-105\"  class=\"panel-layout\" ><div id=\"pg-105-0\"  class=\"panel-grid panel-no-style\" ><div id=\"pgc-105-0-0\"  class=\"panel-grid-cell\" ><div id=\"panel-105-0-0-0\" class=\"so-panel widget widget_sow-image panel-first-child\" data-index=\"0\" ><div\n\t\t\t\n\t\t\tclass=\"so-widget-sow-image so-widget-sow-image-default-8b5b6f678277-105\"\n\t\t\t\n\t\t>\n<div class=\"sow-image-container\">\n\t\t<img \n\tsrc=\"https:\/\/standardcableteam.com\/wp-content\/uploads\/2017\/01\/cabecera_telecom_fibra.jpg\" width=\"1125\" height=\"273\" srcset=\"https:\/\/standardcableteam.com\/wp-content\/uploads\/2017\/01\/cabecera_telecom_fibra.jpg 1125w, https:\/\/standardcableteam.com\/wp-content\/uploads\/2017\/01\/cabecera_telecom_fibra-300x73.jpg 300w, https:\/\/standardcableteam.com\/wp-content\/uploads\/2017\/01\/cabecera_telecom_fibra-768x186.jpg 768w, https:\/\/standardcableteam.com\/wp-content\/uploads\/2017\/01\/cabecera_telecom_fibra-1024x248.jpg 1024w, https:\/\/standardcableteam.com\/wp-content\/uploads\/2017\/01\/cabecera_telecom_fibra-260x63.jpg 260w\" sizes=\"(max-width: 1125px) 100vw, 1125px\" alt=\"\" \t\tclass=\"so-widget-image\"\/>\n\t<\/div>\n\n<\/div><\/div><div id=\"panel-105-0-0-1\" class=\"so-panel widget widget_sow-editor panel-last-child\" data-index=\"1\" ><div\n\t\t\t\n\t\t\tclass=\"so-widget-sow-editor so-widget-sow-editor-base\"\n\t\t\t\n\t\t>\n<div class=\"siteorigin-widget-tinymce textwidget\">\n\t<p>The technological evolution experienced in the field of telecommunications has meant a continuous evolution in the designs and materials used in the cables. From the traditional paper and pulp cables with lead sheaths to the current designs based on the enormous transmission capacity of optical fiber and special polymers that provide mechanical characteristics, environmental resistance and reaction to fire unimaginable only a few years ago.<\/p>\n<p>Standard Cableteam Spain S.L. has one of the most modern facilities for the manufacture of optical cables with the capacity to produce almost any loose tube design using single-mode fibres G652 D. G655 or G657 of the highest quality. Our portfolio includes telecommunication cables from 1 fibre optic feeder cables for FTTH projects to 512 fibre optic cables for rings and trunk connections as well as multimode fibre cables for specific applications.<\/p>\n<p>With regard to cable configuration, Standard Cableteam Spain has the capacity to produce totally dielectric ADSS cables with aramid or fibreglass reinforcements, cables with metal protections in the form of mesh or armor and cables that incorporate state-of-the-art polymers in the outer sheath in order to provide resistance to specific agents (fire, termites, rodents, UV radiation, etc.).<\/p>\n<p>Our strength lies in our ability to meet demands based on the world's most widespread standards and the ability to offer a product tailored to your specific needs. Send us your particular need and associated requirements to\u00a0 <a href=\"mailto:info@standardcableteam.com\">info@standardcableteam.com<\/a> and Standard Cableteam Spain S.L. will provide you with the most suitable and competitive solution.<\/p>\n<\/div>\n<\/div><\/div><\/div><\/div><\/div>","protected":false},"excerpt":{"rendered":"<p>La evoluci\u00f3n tecnol\u00f3gica experimentada en el campo de las telecomunicaciones ha supuesto una continua evoluci\u00f3n en los dise\u00f1os y materiales empleados en los cables. Desde los tradiccionales cables de papel y pulpa con cubiertas de plomo hasta los actuales dise\u00f1os &hellip; <a class=\"kt-excerpt-readmore\" href=\"https:\/\/standardcableteam.com\/en\/redes-de-fibra-optica\/\" aria-label=\"Fiber optic networks\">Read More<\/a><\/p>","protected":false},"author":1,"featured_media":0,"parent":0,"menu_order":0,"comment_status":"closed","ping_status":"closed","template":"page-sidebar.php","meta":{"footnotes":""},"class_list":["post-105","page","type-page","status-publish","hentry"],"_links":{"self":[{"href":"https:\/\/standardcableteam.com\/en\/wp-json\/wp\/v2\/pages\/105","targetHints":{"allow":["GET"]}}],"collection":[{"href":"https:\/\/standardcableteam.com\/en\/wp-json\/wp\/v2\/pages"}],"about":[{"href":"https:\/\/standardcableteam.com\/en\/wp-json\/wp\/v2\/types\/page"}],"author":[{"embeddable":true,"href":"https:\/\/standardcableteam.com\/en\/wp-json\/wp\/v2\/users\/1"}],"replies":[{"embeddable":true,"href":"https:\/\/standardcableteam.com\/en\/wp-json\/wp\/v2\/comments?post=105"}],"version-history":[{"count":2,"href":"https:\/\/standardcableteam.com\/en\/wp-json\/wp\/v2\/pages\/105\/revisions"}],"predecessor-version":[{"id":258,"href":"https:\/\/standardcableteam.com\/en\/wp-json\/wp\/v2\/pages\/105\/revisions\/258"}],"wp:attachment":[{"href":"https:\/\/standardcableteam.com\/en\/wp-json\/wp\/v2\/media?parent=105"}],"curies":[{"name":"wp","href":"https:\/\/api.w.org\/{rel}","templated":true}]}}